{"id":10,"date":"2019-11-19T07:05:42","date_gmt":"2019-11-19T07:05:42","guid":{"rendered":"http:\/\/demo1.elightup.com\/thpt-FPT\/?page_id=10"},"modified":"2022-12-19T16:31:45","modified_gmt":"2022-12-19T09:31:45","slug":"trang-chu-fpt-schools-hai-phong","status":"publish","type":"page","link":"https:\/\/demo1.elightup.com\/fpt-hp\/","title":{"rendered":"Trang ch\u1ee7"},"content":{"rendered":"\n\n\t\t\t<img loading='false' src=\"https:\/\/demo1.elightup.com\/fpt-hp\/wp-content\/uploads\/web-mobi-hp.jpg\" alt=\"\" \/>\t\t\t\n\t\t\t<img loading='false' src=\"https:\/\/demo1.elightup.com\/fpt-hp\/wp-content\/uploads\/bannerweb-mobi.jpg\" alt=\"\" \/>\t\t\t\n\t\t\t\t<a href=\"#\" aria-label=\"previous\" role=\"button\">\n<\/a>\n\t\t\t\t<a href=\"#\" aria-label=\"next\" role=\"button\">\n<\/a>\n<h2>\n\t\tTr\u1ea3i nghi\u1ec7m \u0111\u1ec3 tr\u01b0\u1edfng th\u00e0nh\n\t<\/h2>\n\t<p>28.680 ph\u1ee5 huynh, 14.340 h\u1ecdc sinh \u0111\u00e3 l\u1ef1a ch\u1ecdn h\u1ecdc t\u1eadp t\u1ea1i FPT Schools<\/p>\n\t\t<!-- Comment to fix spacing issue\n\t-->\n\t\t0%H\u1ecdc sinh t\u1ed1t nghi\u1ec7p \u0111i du h\u1ecdc\n\t<!-- Comment to fix spacing issue\n\t-->\t\n\t\t<!-- Comment to fix spacing issue\n\t-->\n\t\t0%H\u1ecdc sinh t\u1ed1t nghi\u1ec7p h\u1ecdc l\u00ean \u0111\u1ea1i h\u1ecdc FPT\n\t<!-- Comment to fix spacing issue\n\t-->\t\n\t\t<!-- Comment to fix spacing issue\n\t-->\n\t\t0%H\u1ecdc sinh t\u1ed1t nghi\u1ec7p thi \u0111\u1ed7 c\u00e1c tr\u01b0\u1eddng \u0110H trong n\u01b0\u1edbc\n\t<!-- Comment to fix spacing issue\n\t-->\t\n\t\t<!-- Comment to fix spacing issue\n\t-->\n\t\t0T\u1ec9nh\/TP: H\u1ecdc sinh \u0111\u1ebfn t\u1eeb kh\u1eafp m\u1ecdi mi\u1ec1n T\u1ed5 qu\u1ed1c\n\t<!-- Comment to fix spacing issue\n\t-->\t\n\t\t<!-- Comment to fix spacing issue\n\t-->\n\t\t0\u0110\u1ed1i t\u00e1c li\u00ean k\u1ebft qu\u1ed1c t\u1ebf\n\t<!-- Comment to fix spacing issue\n\t-->\t\n\t\t<!-- Comment to fix spacing issue\n\t-->\n\t\t0Qu\u1ed1c gia h\u1ecdc sinh FPT Schools \u0111\u00e3 \u0111\u1ebfn giao l\u01b0u v\u00e0 h\u1ecdc t\u1eadp\n\t<!-- Comment to fix spacing issue\n\t-->\t\n<h2>\n\t\t<a href=\"\/tin-fschool\/\" title=\"Tin T\u1ee9c M\u1edbi Nh\u1ea5t\" target=\"_self\" rel=\"noopener\">\n\t\tTin T\u1ee9c M\u1edbi Nh\u1ea5t\n\t\t<\/a>\n\t<\/h2>\n\t<a href=\"https:\/\/demo1.elightup.com\/fpt-hp\/tin-fschool\/fschool-talnet-show-khoi-dong-mua-moi-voi-quy-mo-khung-tong-gia-tri-giai-thuong-len-toi-hon-800-trieu-dong\/\"><img width=\"350\" height=\"197\" src=\"https:\/\/demo1.elightup.com\/fpt-hp\/wp-content\/uploads\/Post-to\u0302\u0309ng-ho\u031b\u0323p-1-350x197.jpg\" alt=\"Post to\u0302\u0309ng ho\u031b\u0323p 1\" loading=\"lazy\" srcset=\"https:\/\/demo1.elightup.com\/fpt-hp\/wp-content\/uploads\/Post-to\u0302\u0309ng-ho\u031b\u0323p-1-350x197.jpg 350w, https:\/\/demo1.elightup.com\/fpt-hp\/wp-content\/uploads\/Post-to\u0302\u0309ng-ho\u031b\u0323p-1-540x304.jpg 540w, https:\/\/demo1.elightup.com\/fpt-hp\/wp-content\/uploads\/Post-to\u0302\u0309ng-ho\u031b\u0323p-1-255x143.jpg 255w\" sizes=\"(max-width: 350px) 100vw, 350px\" \/><\/a>\n<h3><a href='https:\/\/demo1.elightup.com\/fpt-hp\/tin-fschool\/fschool-talnet-show-khoi-dong-mua-moi-voi-quy-mo-khung-tong-gia-tri-giai-thuong-len-toi-hon-800-trieu-dong\/' title='FSchool Talent Show kh\u1edfi \u0111\u1ed9ng m\u00f9a m\u1edbi v\u1edbi quy m\u00f4 kh\u1ee7ng, t\u1ed5ng gi\u00e1 tr\u1ecb gi\u1ea3i th\u01b0\u1edfng l\u00ean t\u1edbi h\u01a1n 800 tri\u1ec7u \u0111\u1ed3ng'>FSchool Talent Show kh\u1edfi \u0111\u1ed9ng m\u00f9a m\u1edbi v\u1edbi quy m\u00f4 kh\u1ee7ng, t\u1ed5ng gi\u00e1 tr\u1ecb gi\u1ea3i th\u01b0\u1edfng l\u00ean t\u1edbi h\u01a1n 800 tri\u1ec7u \u0111\u1ed3ng<\/a><\/h3>\n<a href=\"https:\/\/demo1.elightup.com\/fpt-hp\/tin-fschool\/fschool-talnet-show-khoi-dong-mua-moi-voi-quy-mo-khung-tong-gia-tri-giai-thuong-len-toi-hon-800-trieu-dong\/\">B\u1ea3n tin FSchools<\/a>\t   12.17.2022 \n\t<a href=\"https:\/\/demo1.elightup.com\/fpt-hp\/tin-fschool\/100-hoc-sinh-fpt-school-hoc-robotics-tu-lop-1\/\"><img width=\"350\" height=\"197\" src=\"https:\/\/demo1.elightup.com\/fpt-hp\/wp-content\/uploads\/319188863_1268683343707037_4033079609708896382_n-350x197.jpeg\" alt=\"319188863_1268683343707037_4033079609708896382_n\" loading=\"lazy\" srcset=\"https:\/\/demo1.elightup.com\/fpt-hp\/wp-content\/uploads\/319188863_1268683343707037_4033079609708896382_n-350x197.jpeg 350w, https:\/\/demo1.elightup.com\/fpt-hp\/wp-content\/uploads\/319188863_1268683343707037_4033079609708896382_n-540x304.jpeg 540w, https:\/\/demo1.elightup.com\/fpt-hp\/wp-content\/uploads\/319188863_1268683343707037_4033079609708896382_n-255x143.jpeg 255w\" sizes=\"(max-width: 350px) 100vw, 350px\" \/><\/a>\n<h3><a href='https:\/\/demo1.elightup.com\/fpt-hp\/tin-fschool\/100-hoc-sinh-fpt-school-hoc-robotics-tu-lop-1\/' title='100% h\u1ecdc sinh FPT School h\u1ecdc Robotics t\u1eeb l\u1edbp 1'>100% h\u1ecdc sinh FPT School h\u1ecdc Robotics t\u1eeb l\u1edbp 1<\/a><\/h3>\n<a href=\"https:\/\/demo1.elightup.com\/fpt-hp\/tin-fschool\/100-hoc-sinh-fpt-school-hoc-robotics-tu-lop-1\/\">B\u1ea3n tin FSchools<\/a>\t   12.16.2022 \n\t<a href=\"https:\/\/demo1.elightup.com\/fpt-hp\/tin-fschool\/fschoolers-mang-giang-sinh-den-gan-hon-voi-thi-nghiem-hoa-hoc-thu-vi\/\"><img width=\"350\" height=\"197\" src=\"https:\/\/demo1.elightup.com\/fpt-hp\/wp-content\/uploads\/319285735_209595354863084_2164685374332027211_n-350x197.jpeg\" alt=\"319285735_209595354863084_2164685374332027211_n\" loading=\"lazy\" srcset=\"https:\/\/demo1.elightup.com\/fpt-hp\/wp-content\/uploads\/319285735_209595354863084_2164685374332027211_n-350x197.jpeg 350w, https:\/\/demo1.elightup.com\/fpt-hp\/wp-content\/uploads\/319285735_209595354863084_2164685374332027211_n-540x304.jpeg 540w, https:\/\/demo1.elightup.com\/fpt-hp\/wp-content\/uploads\/319285735_209595354863084_2164685374332027211_n-255x143.jpeg 255w\" sizes=\"(max-width: 350px) 100vw, 350px\" \/><\/a>\n<h3><a href='https:\/\/demo1.elightup.com\/fpt-hp\/tin-fschool\/fschoolers-mang-giang-sinh-den-gan-hon-voi-thi-nghiem-hoa-hoc-thu-vi\/' title='FSchoolers mang Gi\u00e1ng sinh \u0111\u1ebfn g\u1ea7n h\u01a1n v\u1edbi th\u00ed nghi\u1ec7m ho\u00e1 h\u1ecdc th\u00fa v\u1ecb'>FSchoolers mang Gi\u00e1ng sinh \u0111\u1ebfn g\u1ea7n h\u01a1n v\u1edbi th\u00ed nghi\u1ec7m ho\u00e1 h\u1ecdc th\u00fa v\u1ecb<\/a><\/h3>\n<a href=\"https:\/\/demo1.elightup.com\/fpt-hp\/tin-fschool\/fschoolers-mang-giang-sinh-den-gan-hon-voi-thi-nghiem-hoa-hoc-thu-vi\/\">B\u1ea3n tin FSchools<\/a>\t   12.15.2022 \n\t<a href=\"https:\/\/demo1.elightup.com\/fpt-hp\/tin-fschool\/doi-ngu-giao-vien-fschool-hai-phong-khong-ngung-hoc-tap-nang-cao-chat-luong-giang-day\/\"><img width=\"350\" height=\"197\" src=\"https:\/\/demo1.elightup.com\/fpt-hp\/wp-content\/uploads\/318477380_209453541543932_8731015476053897408_n-350x197.jpeg\" alt=\"318477380_209453541543932_8731015476053897408_n\" loading=\"lazy\" srcset=\"https:\/\/demo1.elightup.com\/fpt-hp\/wp-content\/uploads\/318477380_209453541543932_8731015476053897408_n-350x197.jpeg 350w, https:\/\/demo1.elightup.com\/fpt-hp\/wp-content\/uploads\/318477380_209453541543932_8731015476053897408_n-540x304.jpeg 540w, https:\/\/demo1.elightup.com\/fpt-hp\/wp-content\/uploads\/318477380_209453541543932_8731015476053897408_n-255x143.jpeg 255w\" sizes=\"(max-width: 350px) 100vw, 350px\" \/><\/a>\n<h3><a href='https:\/\/demo1.elightup.com\/fpt-hp\/tin-fschool\/doi-ngu-giao-vien-fschool-hai-phong-khong-ngung-hoc-tap-nang-cao-chat-luong-giang-day\/' title='\u0110\u1ed9i ng\u0169 gi\u00e1o vi\u00ean FSchool H\u1ea3i Ph\u00f2ng kh\u00f4ng ng\u1eebng h\u1ecdc t\u1eadp n\u00e2ng cao ch\u1ea5t l\u01b0\u1ee3ng gi\u1ea3ng d\u1ea1y'>\u0110\u1ed9i ng\u0169 gi\u00e1o vi\u00ean FSchool H\u1ea3i Ph\u00f2ng kh\u00f4ng ng\u1eebng h\u1ecdc t\u1eadp n\u00e2ng cao ch\u1ea5t l\u01b0\u1ee3ng gi\u1ea3ng d\u1ea1y<\/a><\/h3>\n<a href=\"https:\/\/demo1.elightup.com\/fpt-hp\/tin-fschool\/doi-ngu-giao-vien-fschool-hai-phong-khong-ngung-hoc-tap-nang-cao-chat-luong-giang-day\/\">B\u1ea3n tin FSchools<\/a>\t   12.13.2022 \n\t<a href=\"https:\/\/demo1.elightup.com\/fpt-hp\/tin-fschool\/fpt-school-hai-phong-tham-gia-hoi-thao-fpt-educamp-2022-tai-bac-ninh\/\"><img width=\"350\" height=\"197\" src=\"https:\/\/demo1.elightup.com\/fpt-hp\/wp-content\/uploads\/318662148_209450158210937_7392977971666460181_n-350x197.jpeg\" alt=\"318662148_209450158210937_7392977971666460181_n\" loading=\"lazy\" srcset=\"https:\/\/demo1.elightup.com\/fpt-hp\/wp-content\/uploads\/318662148_209450158210937_7392977971666460181_n-350x197.jpeg 350w, https:\/\/demo1.elightup.com\/fpt-hp\/wp-content\/uploads\/318662148_209450158210937_7392977971666460181_n-540x304.jpeg 540w, https:\/\/demo1.elightup.com\/fpt-hp\/wp-content\/uploads\/318662148_209450158210937_7392977971666460181_n-255x143.jpeg 255w\" sizes=\"(max-width: 350px) 100vw, 350px\" \/><\/a>\n<h3><a href='https:\/\/demo1.elightup.com\/fpt-hp\/tin-fschool\/fpt-school-hai-phong-tham-gia-hoi-thao-fpt-educamp-2022-tai-bac-ninh\/' title='FPT School H\u1ea3i Ph\u00f2ng tham gia H\u1ed9i th\u1ea3o FPT Educamp 2022 t\u1ea1i B\u1eafc Ninh'>FPT School H\u1ea3i Ph\u00f2ng tham gia H\u1ed9i th\u1ea3o FPT Educamp 2022 t\u1ea1i B\u1eafc Ninh<\/a><\/h3>\n<a href=\"https:\/\/demo1.elightup.com\/fpt-hp\/tin-fschool\/fpt-school-hai-phong-tham-gia-hoi-thao-fpt-educamp-2022-tai-bac-ninh\/\">B\u1ea3n tin FSchools<\/a>\t   12.12.2022 \n\t<h2>\u0110\u0102NG K\u00dd t\u01b0 v\u1ea5n tuy\u1ec3n sinh <\/h2>\n<h2>N\u0102M H\u1eccC 2022 &#8211; 2023<\/h2>\n\t<p>[gravityform id=5 title=false description=false ajax=true]<\/p>\n<h2>\n\t\t<a href=\"\/tin-tuc\/su-kien\/\" title=\"L\u1ecbch s\u1ef1 ki\u1ec7n\" target=\"_self\" rel=\"noopener\">\n\t\tL\u1ecbch s\u1ef1 ki\u1ec7n\n\t\t<\/a>\n\t<\/h2>\n            <a href=\"https:\/\/demo1.elightup.com\/fpt-hp\/su-kien\/sach-hay-thay-doi-cuoc-doi\/\"><img width=\"350\" height=\"197\" src=\"https:\/\/demo1.elightup.com\/fpt-hp\/wp-content\/uploads\/IMG_7086-2-e1670919156873-350x197.jpg\" alt=\"Fpt (1080 \u00d7 1080 px) - 1\" loading=\"lazy\" srcset=\"https:\/\/demo1.elightup.com\/fpt-hp\/wp-content\/uploads\/IMG_7086-2-e1670919156873-350x197.jpg 350w, https:\/\/demo1.elightup.com\/fpt-hp\/wp-content\/uploads\/IMG_7086-2-e1670919156873-540x304.jpg 540w, https:\/\/demo1.elightup.com\/fpt-hp\/wp-content\/uploads\/IMG_7086-2-e1670919156873-255x143.jpg 255w\" sizes=\"(max-width: 350px) 100vw, 350px\" \/><\/a>\n            <h3><a href='https:\/\/demo1.elightup.com\/fpt-hp\/su-kien\/sach-hay-thay-doi-cuoc-doi\/' title='S\u00e1ch hay thay \u0111\u1ed5i cu\u1ed9c \u0111\u1eddi'>S\u00e1ch hay thay \u0111\u1ed5i cu\u1ed9c \u0111\u1eddi<\/a><\/h3>\n            Th\u00e1ng 0103\n        08:00\n        Tr\u01b0\u1eddng THCS v\u00e0 THPT FPT\n            <a href=\"https:\/\/demo1.elightup.com\/fpt-hp\/su-kien\/dear-santa-hay-noi-loi-yeu-thuong\/\"><img width=\"350\" height=\"197\" src=\"https:\/\/demo1.elightup.com\/fpt-hp\/wp-content\/uploads\/ggform-1-350x197.png\" alt=\"ggform (1)\" loading=\"lazy\" srcset=\"https:\/\/demo1.elightup.com\/fpt-hp\/wp-content\/uploads\/ggform-1-350x197.png 350w, https:\/\/demo1.elightup.com\/fpt-hp\/wp-content\/uploads\/ggform-1-540x304.png 540w, https:\/\/demo1.elightup.com\/fpt-hp\/wp-content\/uploads\/ggform-1-255x143.png 255w\" sizes=\"(max-width: 350px) 100vw, 350px\" \/><\/a>\n            <h3><a href='https:\/\/demo1.elightup.com\/fpt-hp\/su-kien\/dear-santa-hay-noi-loi-yeu-thuong\/' title='Dear Santa: H\u00e3y n\u00f3i l\u1eddi y\u00eau th\u01b0\u01a1ng'>Dear Santa: H\u00e3y n\u00f3i l\u1eddi y\u00eau th\u01b0\u01a1ng<\/a><\/h3>\n            Th\u00e1ng 1208\n        09:00\n        Tr\u01b0\u1eddng THCS v\u00e0 THPT FPT\n            <a href=\"https:\/\/demo1.elightup.com\/fpt-hp\/su-kien\/cuoc-thi-f-talks-talks-from-your-heart\/\"><img width=\"350\" height=\"197\" src=\"https:\/\/demo1.elightup.com\/fpt-hp\/wp-content\/uploads\/poster-1080x1080-1-350x197.jpg\" alt=\"poster-1080x1080\" loading=\"lazy\" srcset=\"https:\/\/demo1.elightup.com\/fpt-hp\/wp-content\/uploads\/poster-1080x1080-1-350x197.jpg 350w, https:\/\/demo1.elightup.com\/fpt-hp\/wp-content\/uploads\/poster-1080x1080-1-540x304.jpg 540w, https:\/\/demo1.elightup.com\/fpt-hp\/wp-content\/uploads\/poster-1080x1080-1-255x143.jpg 255w\" sizes=\"(max-width: 350px) 100vw, 350px\" \/><\/a>\n            <h3><a href='https:\/\/demo1.elightup.com\/fpt-hp\/su-kien\/cuoc-thi-f-talks-talks-from-your-heart\/' title='Cu\u1ed9c thi F-Talks: Talks from your heart'>Cu\u1ed9c thi F-Talks: Talks from your heart<\/a><\/h3>\n            Th\u00e1ng 1104\n        08:00\n        Tr\u01b0\u1eddng THCS v\u00e0 THPT FPT\n            <a href=\"https:\/\/demo1.elightup.com\/fpt-hp\/su-kien\/cuoc-thi-nguoi-phu-nu-toi-yeu\/\"><img width=\"350\" height=\"197\" src=\"https:\/\/demo1.elightup.com\/fpt-hp\/wp-content\/uploads\/308842152_195563342932952_4841689401475014012_n-350x197.jpeg\" alt=\"308842152_195563342932952_4841689401475014012_n\" loading=\"lazy\" srcset=\"https:\/\/demo1.elightup.com\/fpt-hp\/wp-content\/uploads\/308842152_195563342932952_4841689401475014012_n-350x197.jpeg 350w, https:\/\/demo1.elightup.com\/fpt-hp\/wp-content\/uploads\/308842152_195563342932952_4841689401475014012_n-540x304.jpeg 540w, https:\/\/demo1.elightup.com\/fpt-hp\/wp-content\/uploads\/308842152_195563342932952_4841689401475014012_n-255x143.jpeg 255w\" sizes=\"(max-width: 350px) 100vw, 350px\" \/><\/a>\n            <h3><a href='https:\/\/demo1.elightup.com\/fpt-hp\/su-kien\/cuoc-thi-nguoi-phu-nu-toi-yeu\/' title='Cu\u1ed9c thi &#8220;Ng\u01b0\u1eddi ph\u1ee5 n\u1eef t\u00f4i y\u00eau&#8221;'>Cu\u1ed9c thi &#8220;Ng\u01b0\u1eddi ph\u1ee5 n\u1eef t\u00f4i y\u00eau&#8221;<\/a><\/h3>\n            Th\u00e1ng 1010\n        08:00\n        Tr\u01b0\u1eddng THCS v\u00e0 THPT FPT\n<h2>\n\t\tTh\u01b0 vi\u1ec7n Video\n\t<\/h2>\n\t\t\t\t\t<a href=\"https:\/\/www.youtube.com\/watch?v=7HGkBwzgaCw\" data-fancybox=\"uabb-video-gallery\" data-url=\"https:\/\/www.youtube.com\/embed\/7HGkBwzgaCw?autoplay=1&#038;version=3&#038;enablejsapi=1\"class=\"uabb-video-gallery-fancybox \">\t\t\t\t\t\t\n\t\t\t\t\t\t\t\t\t\t<h4>FPT Schools &#8211; Tr\u1ea3i nghi\u1ec7m \u0111\u1ec3 tr\u01b0\u1edfng th\u00e0nh<\/h4>\n\t\t\t\t\t<\/a>\t\t\t\t\n\t\t\t\t\t<a href=\"https:\/\/www.youtube.com\/watch?v=jeO9h3v-Exo\" data-fancybox=\"uabb-video-gallery\" data-url=\"https:\/\/www.youtube.com\/embed\/jeO9h3v-Exo?autoplay=1&#038;version=3&#038;enablejsapi=1\"class=\"uabb-video-gallery-fancybox \">\t\t\t\t\t\t\n\t\t\t\t\t\t\t\t\t\t<h4>L\u00fd do ph\u1ee5 huynh, h\u1ecdc sinh l\u1ef1a ch\u1ecdn FPT Schools<\/h4>\n\t\t\t\t\t<\/a>\t\t\t\t\n\t\t\t\t\t<a href=\"https:\/\/www.youtube.com\/watch?v=ZKibNslAris\" data-fancybox=\"uabb-video-gallery\" data-url=\"https:\/\/www.youtube.com\/embed\/ZKibNslAris?autoplay=1&#038;version=3&#038;enablejsapi=1\"class=\"uabb-video-gallery-fancybox \">\t\t\t\t\t\t\n\t\t\t\t\t\t\t\t\t\t<h4>360 \u0111\u1ed9 THPT FPT &#8211; 360 \u0111\u1ed9 Tr\u01b0\u1edfng th\u00e0nh<\/h4>\n\t\t\t\t\t<\/a>\t\t\t\t\n\t\t\t\t\t<a href=\"https:\/\/www.youtube.com\/watch?v=Hh-mCSPqk3s\" data-fancybox=\"uabb-video-gallery\" data-url=\"https:\/\/www.youtube.com\/embed\/Hh-mCSPqk3s?autoplay=1&#038;version=3&#038;enablejsapi=1\"class=\"uabb-video-gallery-fancybox \">\t\t\t\t\t\t\n\t\t\t\t\t\t\t\t\t\t<h4>24h Tr\u1ea3i nghi\u1ec7m &#8211; M\u1ed9t ng\u00e0y l\u00e0m h\u1ecdc sinh FPT<\/h4>\n\t\t\t\t\t<\/a>\t\t\t\t\n\t\t\t\t\t<a href=\"https:\/\/www.youtube.com\/watch?v=a7y1SwfwBRc\" data-fancybox=\"uabb-video-gallery\" data-url=\"https:\/\/www.youtube.com\/embed\/a7y1SwfwBRc?autoplay=1&#038;version=3&#038;enablejsapi=1\"class=\"uabb-video-gallery-fancybox \">\t\t\t\t\t\t\n\t\t\t\t\t\t\t\t\t\t<h4>Tr\u01b0\u1eddng THCS v\u00e0 THPT FPT: To\u00e0n c\u1ea3nh Ho\u0323\u0302i tha\u0309o Hie\u0302\u0309u \u0111u\u0301ng &#8211; Quye\u0302\u0301t \u0111i\u0323nh \u0111u\u0301ng<\/h4>\n\t\t\t\t\t<\/a>\t\t\t\t\n\t\t\t\t\t<a href=\"https:\/\/www.youtube.com\/watch?v=WBG7WY1H9zA\" data-fancybox=\"uabb-video-gallery\" data-url=\"https:\/\/www.youtube.com\/embed\/WBG7WY1H9zA?autoplay=1&#038;version=3&#038;enablejsapi=1\"class=\"uabb-video-gallery-fancybox \">\t\t\t\t\t\t\n\t\t\t\t\t\t\t\t\t\t<h4>Tr\u01b0\u1eddng THCS v\u00e0 THPT FPT campus H\u1ea3i Ph\u00f2ng t\u1ed5 ch\u1ee9c L\u1ec5 kh\u00e1nh th\u00e0nh t\u01b0\u1ee3ng Joyful Empowerment<\/h4>\n\t\t\t\t\t<\/a>\t\t\t\t\n\t\t\t\t\t<a href=\"https:\/\/www.youtube.com\/watch?v=3yuhpEu6al0\" data-fancybox=\"uabb-video-gallery\" data-url=\"https:\/\/www.youtube.com\/embed\/3yuhpEu6al0?autoplay=1&#038;version=3&#038;enablejsapi=1\"class=\"uabb-video-gallery-fancybox \">\t\t\t\t\t\t\n\t\t\t\t\t\t\t\t\t\t<h4>Kho\u1ea3nh kh\u1eafc th\u0103ng hoa to\u1ea3 s\u00e1ng c\u1ee7a TOP 13 FSchool Talent Show 2022 H\u1ea3i Ph\u00f2ng<\/h4>\n\t\t\t\t\t<\/a>\t\t\t\t\n\t\t\t\t\t<a href=\"https:\/\/www.youtube.com\/watch?v=nCNA_18B1tk\" data-fancybox=\"uabb-video-gallery\" data-url=\"https:\/\/www.youtube.com\/embed\/nCNA_18B1tk?autoplay=1&#038;version=3&#038;enablejsapi=1\"class=\"uabb-video-gallery-fancybox \">\t\t\t\t\t\t\n\t\t\t\t\t\t\t\t\t\t<h4>Tr\u1ea3i nghi\u1ec7m CSVC c\u1ee7a tr\u01b0\u1eddng THCS v\u00e0 THPT FPT campus H\u1ea3i Ph\u00f2ng <\/h4>\n\t\t\t\t\t<\/a>\t\t\t\t\n\t\t\t\t\t<a href=\"https:\/\/www.youtube.com\/watch?v=-wewa93ed4Q\" data-fancybox=\"uabb-video-gallery\" data-url=\"https:\/\/www.youtube.com\/embed\/-wewa93ed4Q?autoplay=1&#038;version=3&#038;enablejsapi=1\"class=\"uabb-video-gallery-fancybox \">\t\t\t\t\t\t\n\t\t\t\t\t\t\t\t\t\t<h4>L\u1ec5 khai gi\u1ea3ng n\u0103m h\u1ecdc 2022 &#8211; 2023 c\u1ee7a tr\u01b0\u1eddng THCS v\u00e0 THPT FPT<\/h4>\n\t\t\t\t\t<\/a>\t\t\t\t\n\t\t\t\t\t<a href=\"https:\/\/www.youtube.com\/watch?v=6rSTXmmJHA8\" data-fancybox=\"uabb-video-gallery\" data-url=\"https:\/\/www.youtube.com\/embed\/6rSTXmmJHA8?autoplay=1&#038;version=3&#038;enablejsapi=1\"class=\"uabb-video-gallery-fancybox \">\t\t\t\t\t\t\n\t\t\t\t\t\t\t\t\t\t<h4>FPT d\u00f2ng s\u00f4ng l\u1eddi th\u1ec1 &#8211; FPT School H\u1ea3i Ph\u00f2ng<\/h4>\n\t\t\t\t\t<\/a>\t\t\t\t\n\t\t\t\t\t<a href=\"https:\/\/www.youtube.com\/watch?v=6CJ32NfB2tU\" data-fancybox=\"uabb-video-gallery\" data-url=\"https:\/\/www.youtube.com\/embed\/6CJ32NfB2tU?autoplay=1&#038;version=3&#038;enablejsapi=1\"class=\"uabb-video-gallery-fancybox \">\t\t\t\t\t\t\n\t\t\t\t\t\t\t\t\t\t<h4>L\u00ed do Ph\u1ee5 huynh, H\u1ecdc sinh ch\u1ecdn FPT School H\u1ea3i Ph\u00f2ng<\/h4>\n\t\t\t\t\t<\/a>\t\t\t\t\n\n","protected":false},"excerpt":{"rendered":"<p>Tr\u1ea3i nghi\u1ec7m \u0111\u1ec3 tr\u01b0\u1edfng th\u00e0nh 28.680 ph\u1ee5 huynh, 14.340 h\u1ecdc sinh \u0111\u00e3 l\u1ef1a ch\u1ecdn h\u1ecdc t\u1eadp t\u1ea1i FPT Schools 0%H\u1ecdc sinh t\u1ed1t nghi\u1ec7p \u0111i du h\u1ecdc 0%H\u1ecdc sinh t\u1ed1t nghi\u1ec7p h\u1ecdc l\u00ean \u0111\u1ea1i h\u1ecdc FPT 0%H\u1ecdc sinh t\u1ed1t nghi\u1ec7p thi \u0111\u1ed7 c\u00e1c tr\u01b0\u1eddng \u0110H trong n\u01b0\u1edbc 0T\u1ec9nh\/TP: H\u1ecdc sinh \u0111\u1ebfn t\u1eeb kh\u1eafp m\u1ecdi mi\u1ec1n T\u1ed5&hellip;<\/p>\n","protected":false},"author":118,"featured_media":40688,"parent":0,"menu_order":0,"comment_status":"closed","ping_status":"closed","template":"","meta":[],"yoast_head":"<!-- This site is optimized with the Yoast SEO plugin v19.1 - https:\/\/yoast.com\/wordpress\/plugins\/seo\/ -->\n<title>FPT Schools H\u1ea3i Ph\u00f2ng - Tr\u1ea3i nghi\u1ec7m \u0111\u1ec3 tr\u01b0\u1edfng th\u00e0nh<\/title>\n<meta name=\"description\" content=\"19.000+ ph\u1ee5 huynh, 9500+ h\u1ecdc sinh \u0111\u00e3 l\u1ef1a ch\u1ecdn FPT Schools H\u1ea3i Ph\u00f2ng. M\u00f4i tr\u01b0\u1eddng h\u1ecdc t\u1eadp HI\u1ec6N \u0110\u1ea0I - T\u1ef0 L\u1eacP - S\u00c1NG T\u1ea0O - KH\u00d4NG GIAN XANH\" \/>\n<meta name=\"robots\" content=\"noindex, follow, max-snippet:-1, max-image-preview:large, max-video-preview:-1\" \/>\n<meta property=\"og:locale\" content=\"vi_VN\" \/>\n<meta property=\"og:type\" content=\"article\" \/>\n<meta property=\"og:title\" content=\"FPT Schools H\u1ea3i Ph\u00f2ng - Tr\u1ea3i nghi\u1ec7m \u0111\u1ec3 tr\u01b0\u1edfng th\u00e0nh\" \/>\n<meta property=\"og:description\" content=\"M\u00f4i tr\u01b0\u1eddng h\u1ecdc t\u1eadp HI\u1ec6N \u0110\u1ea0I - T\u1ef0 L\u1eacP - S\u00c1NG T\u1ea0O - KH\u00d4NG GIAN XANH\" \/>\n<meta property=\"og:url\" content=\"https:\/\/demo1.elightup.com\/fpt-hp\/\" \/>\n<meta property=\"og:site_name\" content=\"Tr\u01b0\u1eddng FPT Schools H\u1ea3i Ph\u00f2ng\" \/>\n<meta property=\"article:publisher\" content=\"https:\/\/www.facebook.com\/THPTFPT\" \/>\n<meta property=\"article:modified_time\" content=\"2022-12-19T09:31:45+00:00\" \/>\n<meta name=\"twitter:card\" content=\"summary\" \/>\n<meta name=\"twitter:label1\" content=\"\u01af\u1edbc t\u00ednh th\u1eddi gian \u0111\u1ecdc\" \/>\n\t<meta name=\"twitter:data1\" content=\"4 ph\u00fat\" \/>\n<!-- \/ Yoast SEO plugin. -->","yoast_head_json":{"title":"FPT Schools H\u1ea3i Ph\u00f2ng - Tr\u1ea3i nghi\u1ec7m \u0111\u1ec3 tr\u01b0\u1edfng th\u00e0nh","description":"19.000+ ph\u1ee5 huynh, 9500+ h\u1ecdc sinh \u0111\u00e3 l\u1ef1a ch\u1ecdn FPT Schools H\u1ea3i Ph\u00f2ng. M\u00f4i tr\u01b0\u1eddng h\u1ecdc t\u1eadp HI\u1ec6N \u0110\u1ea0I - T\u1ef0 L\u1eacP - S\u00c1NG T\u1ea0O - KH\u00d4NG GIAN XANH","robots":{"index":"noindex","follow":"follow","max-snippet":"max-snippet:-1","max-image-preview":"max-image-preview:large","max-video-preview":"max-video-preview:-1"},"og_locale":"vi_VN","og_type":"article","og_title":"FPT Schools H\u1ea3i Ph\u00f2ng - Tr\u1ea3i nghi\u1ec7m \u0111\u1ec3 tr\u01b0\u1edfng th\u00e0nh","og_description":"M\u00f4i tr\u01b0\u1eddng h\u1ecdc t\u1eadp HI\u1ec6N \u0110\u1ea0I - T\u1ef0 L\u1eacP - S\u00c1NG T\u1ea0O - KH\u00d4NG GIAN XANH","og_url":"https:\/\/demo1.elightup.com\/fpt-hp\/","og_site_name":"Tr\u01b0\u1eddng FPT Schools H\u1ea3i Ph\u00f2ng","article_publisher":"https:\/\/www.facebook.com\/THPTFPT","article_modified_time":"2022-12-19T09:31:45+00:00","twitter_card":"summary","twitter_misc":{"\u01af\u1edbc t\u00ednh th\u1eddi gian \u0111\u1ecdc":"4 ph\u00fat"},"schema":{"@context":"https:\/\/schema.org","@graph":[{"@type":"WebSite","@id":"https:\/\/demo1.elightup.com\/fpt-hp\/#website","url":"https:\/\/demo1.elightup.com\/fpt-hp\/","name":"Tr\u01b0\u1eddng FPT Schools H\u1ea3i Ph\u00f2ng","description":"","potentialAction":[{"@type":"SearchAction","target":{"@type":"EntryPoint","urlTemplate":"https:\/\/demo1.elightup.com\/fpt-hp\/?s={search_term_string}"},"query-input":"required name=search_term_string"}],"inLanguage":"vi"},{"@type":"ImageObject","inLanguage":"vi","@id":"https:\/\/demo1.elightup.com\/fpt-hp\/#primaryimage","url":"","contentUrl":""},{"@type":"WebPage","@id":"https:\/\/demo1.elightup.com\/fpt-hp\/#webpage","url":"https:\/\/demo1.elightup.com\/fpt-hp\/","name":"FPT Schools H\u1ea3i Ph\u00f2ng - Tr\u1ea3i nghi\u1ec7m \u0111\u1ec3 tr\u01b0\u1edfng th\u00e0nh","isPartOf":{"@id":"https:\/\/demo1.elightup.com\/fpt-hp\/#website"},"primaryImageOfPage":{"@id":"https:\/\/demo1.elightup.com\/fpt-hp\/#primaryimage"},"datePublished":"2019-11-19T07:05:42+00:00","dateModified":"2022-12-19T09:31:45+00:00","description":"19.000+ ph\u1ee5 huynh, 9500+ h\u1ecdc sinh \u0111\u00e3 l\u1ef1a ch\u1ecdn FPT Schools H\u1ea3i Ph\u00f2ng. M\u00f4i tr\u01b0\u1eddng h\u1ecdc t\u1eadp HI\u1ec6N \u0110\u1ea0I - T\u1ef0 L\u1eacP - S\u00c1NG T\u1ea0O - KH\u00d4NG GIAN XANH","breadcrumb":{"@id":"https:\/\/demo1.elightup.com\/fpt-hp\/#breadcrumb"},"inLanguage":"vi","potentialAction":[{"@type":"ReadAction","target":["https:\/\/demo1.elightup.com\/fpt-hp\/"]}]},{"@type":"BreadcrumbList","@id":"https:\/\/demo1.elightup.com\/fpt-hp\/#breadcrumb","itemListElement":[{"@type":"ListItem","position":1,"name":"Trang ch\u1ee7","item":"https:\/\/demo1.elightup.com\/fpt-hp\/"},{"@type":"ListItem","position":2,"name":"Trang ch\u1ee7"}]}]}},"_links":{"self":[{"href":"https:\/\/demo1.elightup.com\/fpt-hp\/wp-json\/wp\/v2\/pages\/10"}],"collection":[{"href":"https:\/\/demo1.elightup.com\/fpt-hp\/wp-json\/wp\/v2\/pages"}],"about":[{"href":"https:\/\/demo1.elightup.com\/fpt-hp\/wp-json\/wp\/v2\/types\/page"}],"author":[{"embeddable":true,"href":"https:\/\/demo1.elightup.com\/fpt-hp\/wp-json\/wp\/v2\/users\/118"}],"replies":[{"embeddable":true,"href":"https:\/\/demo1.elightup.com\/fpt-hp\/wp-json\/wp\/v2\/comments?post=10"}],"version-history":[{"count":192,"href":"https:\/\/demo1.elightup.com\/fpt-hp\/wp-json\/wp\/v2\/pages\/10\/revisions"}],"predecessor-version":[{"id":42819,"href":"https:\/\/demo1.elightup.com\/fpt-hp\/wp-json\/wp\/v2\/pages\/10\/revisions\/42819"}],"wp:featuredmedia":[{"embeddable":true,"href":"https:\/\/demo1.elightup.com\/fpt-hp\/wp-json\/wp\/v2\/media\/40688"}],"wp:attachment":[{"href":"https:\/\/demo1.elightup.com\/fpt-hp\/wp-json\/wp\/v2\/media?parent=10"}],"curies":[{"name":"wp","href":"https:\/\/api.w.org\/{rel}","templated":true}]}}