{"id":39149,"date":"2021-09-28T10:05:40","date_gmt":"2021-09-28T03:05:40","guid":{"rendered":"https:\/\/thpt.fpt.edu.vn\/?page_id=39149"},"modified":"2021-10-16T11:52:32","modified_gmt":"2021-10-16T04:52:32","slug":"sitemap","status":"publish","type":"page","link":"https:\/\/demo1.elightup.com\/fpt-hp\/sitemap\/","title":{"rendered":"Sitemap"},"content":{"rendered":"\n<h2>\n\t\tGi\u1edbi thi\u1ec7u\n\t<\/h2>\n\t<ul>\n<li><a href=\"https:\/\/thpt.fpt.edu.vn\/fpt\/\">T\u1eadp \u0111o\u00e0n FPT<\/a><\/li>\n<li><a href=\"https:\/\/thpt.fpt.edu.vn\/gioi-thieu-thpt-fpt\/fpt-education\/\">FPT Education<\/a><\/li>\n<li><a href=\"https:\/\/thpt.fpt.edu.vn\/thpt-fpt\/\">THPT FPT<\/a>\n<ul>\n<li><a href=\"https:\/\/thpt.fpt.edu.vn\/ban-lanh-dao\/\">Ban l\u00e3nh \u0111\u1ea1o<\/a><\/li>\n<li><a href=\"https:\/\/thpt.fpt.edu.vn\/co-so-vat-chat\/\">C\u01a1 s\u1edf v\u1eadt ch\u1ea5t<\/a><\/li>\n<li><a href=\"https:\/\/thpt.fpt.edu.vn\/doi-ngu-giao-vien\/\">\u0110\u1ed9i ng\u0169 gi\u00e1o vi\u00ean<\/a><\/li>\n<\/ul>\n<\/li>\n<\/ul>\n<h2>\n\t\tTuy\u1ec3n sinh\n\t<\/h2>\n\t<ul>\n<li><a href=\"https:\/\/thpt.fpt.edu.vn\/tuyen-sinh-lop-10\/\">Tuy\u1ec3n sinh n\u0103m 2021<\/a><\/li>\n<li><a href=\"https:\/\/thpt.fpt.edu.vn\/thong-bao-tuyen-sinh\/\">Quy ch\u1ebf tuy\u1ec3n sinh<\/a><\/li>\n<li><a href=\"https:\/\/thpt.fpt.edu.vn\/dang-ky-xet-tuyen-truc-tuyen\/\">\u0110\u0103ng k\u00fd x\u00e9t tuy\u1ec3n<\/a><\/li>\n<li><a href=\"https:\/\/thpt.fpt.edu.vn\/tai-sao-nen-lua-chon-truong-thpt-fpt\/\">T\u1ea1i sao n\u00ean ch\u1ecdn THPT FPT?<\/a><\/li>\n<li><a href=\"https:\/\/thpt.fpt.edu.vn\/tu-van\/thi-vao-10\/hoc-bong-thpt-fpt\/\">\u0110\u0103ng k\u00fd h\u1ecdc b\u1ed5ng THPT FPT<\/a><\/li>\n<li><a href=\"https:\/\/thpt.fpt.edu.vn\/su-kien\/24h-trai-nghiem-danh-cho-hoc-sinh-lop-9\/\">24h tr\u1ea3i nghi\u1ec7m<\/a><\/li>\n<li><a href=\"https:\/\/thpt.fpt.edu.vn\/hoc-phi\/\">H\u1ecdc ph\u00ed<\/a><\/li>\n<\/ul>\n<h2>\n\t\t<a href=\"https:\/\/thpt.fpt.edu.vn\/chuong-trinh-dao-tao\/\" title=\"Ch\u01b0\u01a1ng tr\u00ecnh \u0111\u00e0o t\u1ea1o\" target=\"_self\" rel=\"noopener\">\n\t\tCh\u01b0\u01a1ng tr\u00ecnh \u0111\u00e0o t\u1ea1o\n\t\t<\/a>\n\t<\/h2>\n\t<ul>\n<li><a href=\"https:\/\/thpt.fpt.edu.vn\/chuong-trinh-dao-tao\/chuong-trinh-chinh-khoa\/\">Ch\u01b0\u01a1ng tr\u00ecnh ch\u00ednh kh\u00f3a<\/a><\/li>\n<li><a href=\"https:\/\/thpt.fpt.edu.vn\/chuong-trinh-dao-tao\/chuong-trinh-tieng-anh\/\">Ch\u01b0\u01a1ng tr\u00ecnh ti\u1ebfng anh<\/a><\/li>\n<li><a href=\"https:\/\/thpt.fpt.edu.vn\/chuong-trinh-dao-tao\/chuong-trinh-giao-duc-the-chat\/\">Ch\u01b0\u01a1ng tr\u00ecnh gi\u00e1o d\u1ee5c th\u1ec3 ch\u1ea5t<\/a><\/li>\n<li><a href=\"https:\/\/thpt.fpt.edu.vn\/chuong-trinh-dao-tao\/chuong-trinh-phat-trien-ca-nhan-pdp\/\">Ch\u01b0\u01a1ng tr\u00ecnh ph\u00e1t tri\u1ec3n c\u00e1 nh\u00e2n PDP<\/a><\/li>\n<li><a href=\"https:\/\/thpt.fpt.edu.vn\/chuong-trinh-dao-tao\/chuong-trinh-tin-hoc-stem\/\">Ch\u01b0\u01a1ng tr\u00ecnh tin h\u1ecdc, STEM<\/a><\/li>\n<\/ul>\n<h2>\n\t\t<a href=\"https:\/\/thpt.fpt.edu.vn\/tin-tuc\/\" title=\"Tin t\u1ee9c\" target=\"_self\" rel=\"noopener\">\n\t\tTin t\u1ee9c\n\t\t<\/a>\n\t<\/h2>\n\t<ul>\n<li><a href=\"https:\/\/thpt.fpt.edu.vn\/tin-tuc\/tin-fschool\/\">Tin Fschool<\/a><\/li>\n<li><a href=\"https:\/\/thpt.fpt.edu.vn\/tin-tuc\/thong-bao\/\">Th\u00f4ng b\u00e1o<\/a><\/li>\n<li><a href=\"https:\/\/thpt.fpt.edu.vn\/su-kien\/\">S\u1ef1 ki\u1ec7n<\/a><\/li>\n<li><a href=\"https:\/\/thpt.fpt.edu.vn\/guong-mat\/\">G\u01b0\u01a1ng m\u1eb7t Fschooler<\/a><\/li>\n<li><a href=\"https:\/\/thpt.fpt.edu.vn\/tin-tuc\/goc-bao-chi\/\">G\u00f3c b\u00e1o ch\u00ed<\/a><\/li>\n<\/ul>\n<h2>\n\t\t<a href=\"https:\/\/thpt.fpt.edu.vn\/doi-song-thpt-noi-tru\/\" title=\"\u0110\u1eddi s\u1ed1ng n\u1ed9i tr\u00fa\" target=\"_self\" rel=\"noopener\">\n\t\t\u0110\u1eddi s\u1ed1ng n\u1ed9i tr\u00fa\n\t\t<\/a>\n\t<\/h2>\n\t<ul>\n<li><a href=\"https:\/\/thpt.fpt.edu.vn\/doi-song-thpt-noi-tru\/mo-hinh-quan-ly\/\">M\u00f4 h\u00ecnh qu\u1ea3n l\u00fd<\/a><\/li>\n<li><a href=\"https:\/\/thpt.fpt.edu.vn\/doi-song-thpt-noi-tru\/thoi-gian-bieu-sinh-hoat\/\">Th\u1eddi gian bi\u1ec3u sinh ho\u1ea1t<\/a><\/li>\n<li><a href=\"https:\/\/thpt.fpt.edu.vn\/doi-song-thpt-noi-tru\/dich-vu\/\">D\u1ecbch v\u1ee5<\/a>\n<ul>\n<li><a href=\"https:\/\/thpt.fpt.edu.vn\/doi-song-thpt-noi-tru\/dich-vu\/canteen\/\">D\u1ecbch v\u1ee5 \u0103n u\u1ed1ng<\/a><\/li>\n<li><a href=\"https:\/\/thpt.fpt.edu.vn\/doi-song-thpt-noi-tru\/dich-vu\/dich-vu-doi-song\/\">D\u1ecbch v\u1ee5 \u0111\u1eddi s\u1ed1ng<\/a><\/li>\n<li><a href=\"https:\/\/thpt.fpt.edu.vn\/doi-song-thpt-noi-tru\/dich-vu\/dich-vu-dua-don\/\">D\u1ecbch v\u1ee5 \u0111\u01b0a \u0111\u00f3n<\/a><\/li>\n<\/ul>\n<\/li>\n<\/ul>\n<h2>\n\t\t<a href=\"https:\/\/thpt.fpt.edu.vn\/tu-van\/\" title=\"T\u01b0 v\u1ea5n\" target=\"_self\" rel=\"noopener\">\n\t\tT\u01b0 v\u1ea5n\n\t\t<\/a>\n\t<\/h2>\n\t<ul>\n<li><a href=\"https:\/\/thpt.fpt.edu.vn\/tu-van\/thi-vao-10\/\">Thi v\u00e0o 10<\/a><\/li>\n<li><a href=\"https:\/\/thpt.fpt.edu.vn\/tu-van\/dinh-huong-nghe-nghiep\/\">\u0110\u1ecbnh h\u01b0\u1edbng ngh\u1ec1 nghi\u1ec7p<\/a><\/li>\n<li><a href=\"https:\/\/thpt.fpt.edu.vn\/tu-van\/tuoi-15-con-can-gi\/\">Tu\u1ed5i 15 con c\u1ea7n g\u00ec?<\/a><\/li>\n<\/ul>\n\n","protected":false},"excerpt":{"rendered":"<p>Gi\u1edbi thi\u1ec7u T\u1eadp \u0111o\u00e0n FPT FPT Education THPT FPT Ban l\u00e3nh \u0111\u1ea1o C\u01a1 s\u1edf v\u1eadt ch\u1ea5t \u0110\u1ed9i ng\u0169 gi\u00e1o vi\u00ean Tuy\u1ec3n sinh Tuy\u1ec3n sinh n\u0103m 2021 Quy ch\u1ebf tuy\u1ec3n sinh \u0110\u0103ng k\u00fd x\u00e9t tuy\u1ec3n T\u1ea1i sao n\u00ean ch\u1ecdn THPT FPT? \u0110\u0103ng k\u00fd h\u1ecdc b\u1ed5ng THPT FPT 24h tr\u1ea3i nghi\u1ec7m H\u1ecdc ph\u00ed Ch\u01b0\u01a1ng tr\u00ecnh \u0111\u00e0o t\u1ea1o&hellip;<\/p>\n","protected":false},"author":121,"featured_media":0,"parent":0,"menu_order":0,"comment_status":"closed","ping_status":"closed","template":"","meta":[],"yoast_head":"<!-- This site is optimized with the Yoast SEO plugin v19.1 - https:\/\/yoast.com\/wordpress\/plugins\/seo\/ -->\n<title>Sitemap - Tr\u01b0\u1eddng FPT Schools H\u1ea3i Ph\u00f2ng<\/title>\n<meta name=\"robots\" content=\"noindex, follow, max-snippet:-1, max-image-preview:large, max-video-preview:-1\" \/>\n<meta property=\"og:locale\" content=\"vi_VN\" \/>\n<meta property=\"og:type\" content=\"article\" \/>\n<meta property=\"og:title\" content=\"Sitemap - Tr\u01b0\u1eddng FPT Schools H\u1ea3i Ph\u00f2ng\" \/>\n<meta property=\"og:description\" content=\"Gi\u1edbi thi\u1ec7u T\u1eadp \u0111o\u00e0n FPT FPT Education THPT FPT Ban l\u00e3nh \u0111\u1ea1o C\u01a1 s\u1edf v\u1eadt ch\u1ea5t \u0110\u1ed9i ng\u0169 gi\u00e1o vi\u00ean Tuy\u1ec3n sinh Tuy\u1ec3n sinh n\u0103m 2021 Quy ch\u1ebf tuy\u1ec3n sinh \u0110\u0103ng k\u00fd x\u00e9t tuy\u1ec3n T\u1ea1i sao n\u00ean ch\u1ecdn THPT FPT? \u0110\u0103ng k\u00fd h\u1ecdc b\u1ed5ng THPT FPT 24h tr\u1ea3i nghi\u1ec7m H\u1ecdc ph\u00ed Ch\u01b0\u01a1ng tr\u00ecnh \u0111\u00e0o t\u1ea1o&hellip;\" \/>\n<meta property=\"og:url\" content=\"https:\/\/demo1.elightup.com\/fpt-hp\/sitemap\/\" \/>\n<meta property=\"og:site_name\" content=\"Tr\u01b0\u1eddng FPT Schools H\u1ea3i Ph\u00f2ng\" \/>\n<meta property=\"article:publisher\" content=\"https:\/\/www.facebook.com\/THPTFPT\" \/>\n<meta property=\"article:modified_time\" content=\"2021-10-16T04:52:32+00:00\" \/>\n<meta name=\"twitter:card\" content=\"summary\" \/>\n<meta name=\"twitter:label1\" content=\"\u01af\u1edbc t\u00ednh th\u1eddi gian \u0111\u1ecdc\" \/>\n\t<meta name=\"twitter:data1\" content=\"1 ph\u00fat\" \/>\n<!-- \/ Yoast SEO plugin. -->","yoast_head_json":{"title":"Sitemap - Tr\u01b0\u1eddng FPT Schools H\u1ea3i Ph\u00f2ng","robots":{"index":"noindex","follow":"follow","max-snippet":"max-snippet:-1","max-image-preview":"max-image-preview:large","max-video-preview":"max-video-preview:-1"},"og_locale":"vi_VN","og_type":"article","og_title":"Sitemap - Tr\u01b0\u1eddng FPT Schools H\u1ea3i Ph\u00f2ng","og_description":"Gi\u1edbi thi\u1ec7u T\u1eadp \u0111o\u00e0n FPT FPT Education THPT FPT Ban l\u00e3nh \u0111\u1ea1o C\u01a1 s\u1edf v\u1eadt ch\u1ea5t \u0110\u1ed9i ng\u0169 gi\u00e1o vi\u00ean Tuy\u1ec3n sinh Tuy\u1ec3n sinh n\u0103m 2021 Quy ch\u1ebf tuy\u1ec3n sinh \u0110\u0103ng k\u00fd x\u00e9t tuy\u1ec3n T\u1ea1i sao n\u00ean ch\u1ecdn THPT FPT? \u0110\u0103ng k\u00fd h\u1ecdc b\u1ed5ng THPT FPT 24h tr\u1ea3i nghi\u1ec7m H\u1ecdc ph\u00ed Ch\u01b0\u01a1ng tr\u00ecnh \u0111\u00e0o t\u1ea1o&hellip;","og_url":"https:\/\/demo1.elightup.com\/fpt-hp\/sitemap\/","og_site_name":"Tr\u01b0\u1eddng FPT Schools H\u1ea3i Ph\u00f2ng","article_publisher":"https:\/\/www.facebook.com\/THPTFPT","article_modified_time":"2021-10-16T04:52:32+00:00","twitter_card":"summary","twitter_misc":{"\u01af\u1edbc t\u00ednh th\u1eddi gian \u0111\u1ecdc":"1 ph\u00fat"},"schema":{"@context":"https:\/\/schema.org","@graph":[{"@type":"WebSite","@id":"https:\/\/demo1.elightup.com\/fpt-hp\/#website","url":"https:\/\/demo1.elightup.com\/fpt-hp\/","name":"Tr\u01b0\u1eddng FPT Schools H\u1ea3i Ph\u00f2ng","description":"","potentialAction":[{"@type":"SearchAction","target":{"@type":"EntryPoint","urlTemplate":"https:\/\/demo1.elightup.com\/fpt-hp\/?s={search_term_string}"},"query-input":"required name=search_term_string"}],"inLanguage":"vi"},{"@type":"WebPage","@id":"https:\/\/demo1.elightup.com\/fpt-hp\/sitemap\/#webpage","url":"https:\/\/demo1.elightup.com\/fpt-hp\/sitemap\/","name":"Sitemap - Tr\u01b0\u1eddng FPT Schools H\u1ea3i Ph\u00f2ng","isPartOf":{"@id":"https:\/\/demo1.elightup.com\/fpt-hp\/#website"},"datePublished":"2021-09-28T03:05:40+00:00","dateModified":"2021-10-16T04:52:32+00:00","breadcrumb":{"@id":"https:\/\/demo1.elightup.com\/fpt-hp\/sitemap\/#breadcrumb"},"inLanguage":"vi","potentialAction":[{"@type":"ReadAction","target":["https:\/\/demo1.elightup.com\/fpt-hp\/sitemap\/"]}]},{"@type":"BreadcrumbList","@id":"https:\/\/demo1.elightup.com\/fpt-hp\/sitemap\/#breadcrumb","itemListElement":[{"@type":"ListItem","position":1,"name":"Trang ch\u1ee7","item":"https:\/\/demo1.elightup.com\/fpt-hp\/"},{"@type":"ListItem","position":2,"name":"Sitemap"}]}]}},"_links":{"self":[{"href":"https:\/\/demo1.elightup.com\/fpt-hp\/wp-json\/wp\/v2\/pages\/39149"}],"collection":[{"href":"https:\/\/demo1.elightup.com\/fpt-hp\/wp-json\/wp\/v2\/pages"}],"about":[{"href":"https:\/\/demo1.elightup.com\/fpt-hp\/wp-json\/wp\/v2\/types\/page"}],"author":[{"embeddable":true,"href":"https:\/\/demo1.elightup.com\/fpt-hp\/wp-json\/wp\/v2\/users\/121"}],"replies":[{"embeddable":true,"href":"https:\/\/demo1.elightup.com\/fpt-hp\/wp-json\/wp\/v2\/comments?post=39149"}],"version-history":[{"count":10,"href":"https:\/\/demo1.elightup.com\/fpt-hp\/wp-json\/wp\/v2\/pages\/39149\/revisions"}],"predecessor-version":[{"id":39420,"href":"https:\/\/demo1.elightup.com\/fpt-hp\/wp-json\/wp\/v2\/pages\/39149\/revisions\/39420"}],"wp:attachment":[{"href":"https:\/\/demo1.elightup.com\/fpt-hp\/wp-json\/wp\/v2\/media?parent=39149"}],"curies":[{"name":"wp","href":"https:\/\/api.w.org\/{rel}","templated":true}]}}