{"id":40729,"date":"2021-12-27T15:28:37","date_gmt":"2021-12-27T08:28:37","guid":{"rendered":"https:\/\/demo1.elightup.com\/fpt-hp\/?page_id=40729"},"modified":"2022-11-16T09:06:39","modified_gmt":"2022-11-16T02:06:39","slug":"chuong-trinh-khoi-thcs","status":"publish","type":"page","link":"https:\/\/demo1.elightup.com\/fpt-hp\/chuong-trinh-khoi-thcs\/","title":{"rendered":"Ch\u01b0\u01a1ng tr\u00ecnh kh\u1ed1i THCS"},"content":{"rendered":"\n<h1>\n\t\tCH\u01af\u01a0NG TR\u00ccNH \u0110\u00c0O T\u1ea0O KH\u1ed0I THCS\n\t<\/h1>\n\t<span><span><a href=\"https:\/\/demo1.elightup.com\/fpt-hp\/\">Trang ch\u1ee7<\/a><\/span>\n<h2>\n\t\tCh\u01b0\u01a1ng tr\u00ecnh ch\u00ednh kh\u00f3a\n\t<\/h2>\n\t<p>H\u1ecdc t\u1eadp th\u00f4ng qua tr\u1ea3i nghi\u1ec7m l\u00e0 ph\u01b0\u01a1ng ph\u00e1p t\u1ed1t nh\u1ea5t gi\u00fap h\u1ecdc sinh \u0111\u01b0\u1ee3c t\u1ef1 ch\u1ee7 trong h\u1ecdc t\u1eadp, t\u1ef1 do kh\u00e1m ph\u00e1 v\u00e0 t\u1ef1 r\u00fat ra kinh nghi\u1ec7m, tr\u01b0\u1edfng th\u00e0nh sau m\u1ed7i ho\u1ea1t \u0111\u1ed9ng. \u0110\u1ed3ng th\u1eddi h\u1ecdc sinh s\u1ebd \u0111\u01b0\u1ee3c t\u00edch l\u0169y c\u00e1c k\u1ef9 n\u0103ng c\u1ea7n thi\u1ebft nh\u01b0: l\u00e0m vi\u1ec7c c\u00e1 nh\u00e2n, l\u00e0m vi\u1ec7c nh\u00f3m, k\u1ef9 n\u0103ng l\u1eadp k\u1ebf ho\u1ea1ch, t\u01b0 duy v\u00e0 ph\u00e2n t\u00edch v\u1ea5n \u0111\u1ec1&#8230;<\/p>\n\t\t\t\t<img loading=\"lazy\" src=\"https:\/\/demo1.elightup.com\/fpt-hp\/wp-content\/uploads\/72201614_2172056959761580_1439883130239451136_n.jpeg\" alt=\"72201614_2172056959761580_1439883130239451136_n\" itemprop=\"image\" height=\"1327\" width=\"1991\" title=\"72201614_2172056959761580_1439883130239451136_n\" onerror=\"this.style.display='none'\"  \/>\n\t\t\t\t<img loading=\"lazy\" src=\"https:\/\/demo1.elightup.com\/fpt-hp\/wp-content\/uploads\/FPT-5-1.jpg\" alt=\"FPT-5 (1)\" itemprop=\"image\" height=\"683\" width=\"1024\" title=\"FPT-5 (1)\" onerror=\"this.style.display='none'\"  \/>\n<h2>\n\t\tch\u01b0\u01a1ng tr\u00ecnh ti\u1ebfng anh\n\t<\/h2>\n\t<p>FPT Schools x\u00e1c \u0111\u1ecbnh r\u1eb1ng: H\u1ecdc ng\u00f4n ng\u1eef v\u00e0 h\u1ecdc th\u00f4ng qua ng\u00f4n ng\u1eef kh\u00f4ng ch\u1ec9 th\u00fac \u0111\u1ea9y s\u1ef1 ph\u00e1t tri\u1ec3n nh\u1eadn th\u1ee9c m\u00e0 c\u00f2n khuy\u1ebfn kh\u00edch h\u1ecdc sinh tr\u1edf th\u00e0nh nh\u1eefng ng\u01b0\u1eddi giao ti\u1ebfp t\u1ef1 tin, c\u00f3 t\u01b0 duy s\u00e2u s\u1eafc v\u00e0 kh\u00f4ng ng\u1eebng h\u1ecdc t\u1eadp su\u1ed1t \u0111\u1eddi. Ti\u1ebfp thu v\u00e0 ph\u00e1t tri\u1ec3n ng\u00f4n ng\u1eef l\u00e0 n\u1ec1n t\u1ea3ng cho ho\u1ea1t \u0111\u1ed9ng d\u1ea1y v\u00e0 h\u1ecdc.\u00a0Ch\u01b0\u01a1ng tr\u00ecnh theo khung tham chi\u1ebfu ng\u00f4n ng\u1eef Ch\u00e2u \u00c2u (CEFR) t\u1eeb PRE A2-B1 \u0111\u01b0\u1ee3c \u0111\u00e1nh gi\u00e1 theo l\u1ed9 tr\u00ecnh c\u00e1c b\u00e0i thi c\u1ee7a kh\u1ea3o th\u00ed Cambrigde (KET, PET, FCE).<\/p>\n<h2>\n\t\tC\u00d4NG NGH\u1ec6 TH\u00d4NG TIN\n\t<\/h2>\n\t<p>FPT Schools tin r\u1eb1ng khi \u0111\u01b0\u1ee3c s\u1eed d\u1ee5ng m\u1ed9t c\u00e1ch th\u00edch h\u1ee3p, c\u00f4ng ngh\u1ec7 mang l\u1ea1i c\u01a1 h\u1ed9i \u0111\u1ec3 h\u1ed7 tr\u1ee3, tham gia, n\u00e2ng cao v\u00e0 chuy\u1ec3n \u0111\u1ed5i ho\u1ea1t \u0111\u1ed9ng h\u1ecdc t\u1eadp c\u1ee7a h\u1ecdc sinh, gi\u00fap h\u1ecdc sinh h\u00ecnh th\u00e0nh c\u00e1c k\u1ef9 n\u0103ng quan tr\u1ecdng c\u1ee7a th\u1eddi \u0111\u1ea1i 4.0.<\/p>\n<p>V\u1edbi vi\u1ec7c th\u01b0\u1eddng xuy\u00ean s\u1eed d\u1ee5ng tablet ho\u1eb7c laptop trong h\u1ecdc t\u1eadp c\u00f9ng m\u1ed9t lo\u1ea1t \u1ee9ng d\u1ee5ng kh\u00e1c nhau, h\u1ecdc sinh \u0111\u01b0\u1ee3c trang b\u1ecb c\u00e1c k\u1ef9 n\u0103ng, ki\u1ebfn th\u1ee9c c\u1ea7n thi\u1ebft \u0111\u1ec3 s\u1eb5n s\u00e0ng h\u1ecdc t\u1eadp v\u00e0 s\u1ed1ng m\u1ed9t c\u00e1ch hi\u1ec7u qu\u1ea3 trong th\u1ebf gi\u1edbi ng\u00e0y c\u00e0ng s\u1ed1 ho\u00e1.<\/p>\n\t\t\t\t<img loading=\"lazy\" src=\"https:\/\/demo1.elightup.com\/fpt-hp\/wp-content\/uploads\/Ba\u0309n-sao-cu\u0309a-11.-Do\u0323\u0302i-F-Team-cu\u0300ng-co\u0302-gia\u0301o-Nguye\u0302\u0303n-Phu\u031bo\u031bng-Thu\u0300y-da\u0323i-die\u0323\u0302n-VN-tham-gia-APICTA-2019-va\u0300-la\u0300-1-trong-8-do\u0323\u0302i-gia\u0300nh-ba\u0306\u0300ng-khen-Merits-1.jpg\" alt=\"Ba\u0309n sao cu\u0309a 11. \u0110o\u0323\u0302i F Team cu\u0300ng co\u0302 gia\u0301o Nguye\u0302\u0303n Phu\u031bo\u031bng Thu\u0300y \u0111a\u0323i die\u0323\u0302n VN tham gia APICTA 2019 va\u0300 la\u0300 1 trong 8 \u0111o\u0323\u0302i gia\u0300nh ba\u0306\u0300ng khen (Merits) (1)\" itemprop=\"image\" height=\"639\" width=\"960\" title=\"Ba\u0309n sao cu\u0309a 11. \u0110o\u0323\u0302i F Team cu\u0300ng co\u0302 gia\u0301o Nguye\u0302\u0303n Phu\u031bo\u031bng Thu\u0300y \u0111a\u0323i die\u0323\u0302n VN tham gia APICTA 2019 va\u0300 la\u0300 1 trong 8 \u0111o\u0323\u0302i gia\u0300nh ba\u0306\u0300ng khen (Merits) (1)\" onerror=\"this.style.display='none'\"  \/>\n\t\t\t\t<img loading=\"lazy\" src=\"https:\/\/demo1.elightup.com\/fpt-hp\/wp-content\/uploads\/IMG_9993-1.jpg\" alt=\"IMG_9993 (1)\" itemprop=\"image\" height=\"1479\" width=\"2000\" title=\"IMG_9993 (1)\" onerror=\"this.style.display='none'\"  \/>\n<h2>\n\t\t\u0110\u1ecaNH H\u01af\u1edaNG STEAM\n\t<\/h2>\n\t<p>Nh\u00e0 tr\u01b0\u1eddng \u0111\u1ecbnh h\u01b0\u1edbng gi\u00e1o d\u1ee5c STEAM th\u00f4ng qua c\u00e1c m\u00f4n h\u1ecdc, ho\u1ea1t \u0111\u1ed9ng tr\u1ea3i nghi\u1ec7m li\u00ean quan \u0111\u1ebfn Khoa h\u1ecdc, K\u1ef9 thu\u1eadt, C\u00f4ng ngh\u1ec7, Ngh\u1ec7 thu\u1eadt, To\u00e1n h\u1ecdc.<\/p>\n<p>Vi\u1ec7c h\u1ecdc theo d\u1ef1 \u00e1n s\u1ebd khuy\u1ebfn kh\u00edch h\u1ecdc sinh t\u1ef1 ch\u1ee7 trong h\u1ecdc t\u1eadp, t\u1ef1 do kh\u00e1m ph\u00e1, t\u1ef1 r\u00fat ra kinh nghi\u1ec7m sau nh\u1eefng ho\u1ea1t \u0111\u1ed9ng, \u0111\u1ed3ng th\u1eddi t\u00edch l\u0169y c\u00e1c k\u1ef9 n\u0103ng l\u00e0m vi\u1ec7c c\u00e1 nh\u00e2n, l\u00e0m vi\u1ec7c nh\u00f3m, k\u1ef9 n\u0103ng l\u1eadp k\u1ebf ho\u1ea1ch, t\u01b0 duy v\u00e0 ph\u00e2n t\u00edch v\u1ea5n \u0111\u1ec1&#8230;<\/p>\n<h2>\n\t\tch\u01b0\u01a1ng tr\u00ecnh ph\u00e1t tri\u1ec3n c\u00e1 nh\u00e2n PDP\n\t<\/h2>\n\t<p>T\u1ea1i FPT Schools, c\u00e1c ho\u1ea1t \u0111\u1ed9ng ph\u00e1t tri\u1ec3n c\u00e1 nh\u00e2n lu\u00f4n \u0111\u01b0\u1ee3c \u0111\u1ea7u t\u01b0 \u0111\u1eb7c bi\u1ec7t v\u1edbi mong mu\u1ed1n m\u1ed7i h\u1ecdc sinh s\u1ebd l\u00e0 nh\u1eefng c\u00e1 nh\u00e2n \u0111\u1ed9c l\u1eadp, th\u00edch nghi t\u1ed1t v\u1edbi x\u00e3 h\u1ed9i, c\u00f3 tr\u00e1ch nhi\u1ec7m v\u1edbi c\u1ed9ng \u0111\u1ed3ng. Bao g\u1ed3m c\u00e1c n\u1ed9i dung:<\/p>\n<ul>\n<li>K\u1ef9 n\u0103ng m\u1ec1m v\u00e0 ho\u1ea1t \u0111\u1ed9ng ngo\u1ea1i kho\u00e1<\/li>\n<li>C\u00e1c tr\u1ea1i h\u00e8 qu\u1ed1c t\u1ebf<\/li>\n<li>T\u01b0 v\u1ea5n h\u01b0\u1edbng nghi\u1ec7p s\u1edbm<\/li>\n<li>Bi\u1ebft ch\u01a1i 1 lo\u1ea1i nh\u1ea1c c\u1ee5<\/li>\n<li>C\u00f3 ki\u1ebfn th\u1ee9c th\u01b0\u1edfng th\u1ee9c m\u1ed9t s\u1ed1 lo\u1ea1i h\u00ecnh ngh\u1ec7 thu\u1eadt d\u00e2n gian v\u00e0 th\u1ebf gi\u1edbi.<\/li>\n<\/ul>\n\t\t\t\t<img loading=\"lazy\" src=\"https:\/\/demo1.elightup.com\/fpt-hp\/wp-content\/uploads\/FPT-10-1-1.jpg\" alt=\"FPT-10 (1) (1)\" itemprop=\"image\" height=\"1066\" width=\"1600\" title=\"FPT-10 (1) (1)\" onerror=\"this.style.display='none'\"  \/>\n\t\t\t\t<img loading=\"lazy\" src=\"https:\/\/demo1.elightup.com\/fpt-hp\/wp-content\/uploads\/FPT-106-1.jpg\" alt=\"FPT-106 (1)\" itemprop=\"image\" height=\"1333\" width=\"2000\" title=\"FPT-106 (1)\" onerror=\"this.style.display='none'\"  \/>\n<h2>\n\t\tCh\u01b0\u01a1ng tr\u00ecnh gi\u00e1o d\u1ee5c th\u1ec3 ch\u1ea5t\n\t<\/h2>\n\t<p>Trong ch\u01b0\u01a1ng tr\u00ecnh Gi\u00e1o d\u1ee5c th\u1ec3 ch\u1ea5t t\u1ea1i FPT Schools, b\u00ean c\u1ea1nh c\u00e1c m\u00f4n h\u1ecdc th\u00f4ng th\u01b0\u1eddng, h\u1ecdc sinh s\u1ebd \u0111\u01b0\u1ee3c h\u1ecdc Vovinam &#8211; s\u1ea3n ph\u1ea9m \u0111\u1eb7c tr\u01b0ng c\u1ee7a to\u00e0n Kh\u1ed1i gi\u00e1o d\u1ee5c FPT. Vovinam kh\u00f4ng ch\u1ec9 gi\u00fap h\u1ecdc sinh r\u00e8n luy\u1ec7n s\u1ee9c kho\u1ebb, n\u00e2ng cao kh\u1ea3 n\u0103ng t\u1ef1 v\u1ec7 m\u00e0 c\u00f2n kh\u01a1i g\u1ee3i l\u00f2ng y\u00eau n\u01b0\u1edbc, tinh th\u1ea7n t\u1ef1 h\u00e0o d\u00e2n t\u1ed9c. B\u00ean c\u1ea1nh \u0111\u00f3, c\u00e1c em \u0111\u01b0\u1ee3c l\u0129nh h\u1ed9i tinh th\u1ea7n th\u01b0\u1ee3ng v\u00f5, t\u00f4n s\u01b0 tr\u1ecdng \u0111\u1ea1o, r\u00e8n luy\u1ec7n t\u00e1c phong &#8211; k\u1ef7 lu\u1eadt, t\u00f4i luy\u1ec7n tinh th\u1ea7n v\u1eefng v\u00e0ng tr\u01b0\u1edbc m\u1ecdi th\u1eed th\u00e1ch.<\/p>\n\t<p>Tr\u1ea3i nghi\u1ec7m \u0111\u1ec3 tr\u01b0\u1edfng th\u00e0nh<\/p>\n\t<p>19.080 ph\u1ee5 huynh, 9.540 h\u1ecdc sinh \u0111\u00e3 l\u1ef1a ch\u1ecdn h\u1ecdc t\u1eadp t\u1ea1i FPT Schools<\/p>\n\t\t<!-- Comment to fix spacing issue\n\t-->\n\t\t0%H\u1ecdc sinh t\u1ed1t nghi\u1ec7p \u0111i du h\u1ecdc\n\t<!-- Comment to fix spacing issue\n\t-->\t\n\t\t<!-- Comment to fix spacing issue\n\t-->\n\t\t0%H\u1ecdc sinh t\u1ed1t nghi\u1ec7p h\u1ecdc l\u00ean \u0111\u1ea1i h\u1ecdc FPT\n\t<!-- Comment to fix spacing issue\n\t-->\t\n\t\t<!-- Comment to fix spacing issue\n\t-->\n\t\t0%H\u1ecdc sinh t\u1ed1t nghi\u1ec7p thi \u0111\u1ed7 c\u00e1c tr\u01b0\u1eddng \u0110H trong n\u01b0\u1edbc\n\t<!-- Comment to fix spacing issue\n\t-->\t\n\t<p>6000 ph\u1ee5 huynh, 3000 h\u1ecdc sinh \u0111\u00e3 l\u1ef1a ch\u1ecdn m\u00f4 h\u00ecnh n\u1ed9i tr\u00fa THPT FPT<\/p>\n\t\t<!-- Comment to fix spacing issue\n\t-->\n\t\t0T\u1ec9nh\/TP: H\u1ecdc sinh \u0111\u1ebfn t\u1eeb kh\u1eafp m\u1ecdi mi\u1ec1n T\u1ed5 qu\u1ed1c\n\t<!-- Comment to fix spacing issue\n\t-->\t\n\t\t<!-- Comment to fix spacing issue\n\t-->\n\t\t0\u0110\u1ed1i t\u00e1c li\u00ean k\u1ebft qu\u1ed1c t\u1ebf\n\t<!-- Comment to fix spacing issue\n\t-->\t\n\t\t<!-- Comment to fix spacing issue\n\t-->\n\t\t0Qu\u1ed1c gia h\u1ecdc sinh FPT Schools \u0111\u00e3 \u0111\u1ebfn giao l\u01b0u v\u00e0 h\u1ecdc t\u1eadp\n\t<!-- Comment to fix spacing issue\n\t-->\t\n\t<p>[gravityform id=5 title=false description=false ajax=true]<\/p>\n\n","protected":false},"excerpt":{"rendered":"<p>CH\u01af\u01a0NG TR\u00ccNH \u0110\u00c0O T\u1ea0O KH\u1ed0I THCS Ch\u01b0\u01a1ng tr\u00ecnh ch\u00ednh kh\u00f3a H\u1ecdc t\u1eadp th\u00f4ng qua tr\u1ea3i nghi\u1ec7m l\u00e0 ph\u01b0\u01a1ng ph\u00e1p t\u1ed1t nh\u1ea5t gi\u00fap h\u1ecdc sinh \u0111\u01b0\u1ee3c t\u1ef1 ch\u1ee7 trong h\u1ecdc t\u1eadp, t\u1ef1 do kh\u00e1m ph\u00e1 v\u00e0 t\u1ef1 r\u00fat ra kinh nghi\u1ec7m, tr\u01b0\u1edfng th\u00e0nh sau m\u1ed7i ho\u1ea1t \u0111\u1ed9ng. \u0110\u1ed3ng th\u1eddi h\u1ecdc sinh s\u1ebd \u0111\u01b0\u1ee3c t\u00edch l\u0169y c\u00e1c&hellip;<\/p>\n","protected":false},"author":126,"featured_media":0,"parent":0,"menu_order":0,"comment_status":"closed","ping_status":"closed","template":"","meta":[],"yoast_head":"<!-- This site is optimized with the Yoast SEO plugin v19.1 - https:\/\/yoast.com\/wordpress\/plugins\/seo\/ -->\n<title>Ch\u01b0\u01a1ng tr\u00ecnh kh\u1ed1i THCS - Tr\u01b0\u1eddng FPT Schools H\u1ea3i Ph\u00f2ng<\/title>\n<meta name=\"robots\" content=\"noindex, follow, max-snippet:-1, max-image-preview:large, max-video-preview:-1\" \/>\n<meta property=\"og:locale\" content=\"vi_VN\" \/>\n<meta property=\"og:type\" content=\"article\" \/>\n<meta property=\"og:title\" content=\"Ch\u01b0\u01a1ng tr\u00ecnh kh\u1ed1i THCS - Tr\u01b0\u1eddng FPT Schools H\u1ea3i Ph\u00f2ng\" \/>\n<meta property=\"og:description\" content=\"CH\u01af\u01a0NG TR\u00ccNH \u0110\u00c0O T\u1ea0O KH\u1ed0I THCS Ch\u01b0\u01a1ng tr\u00ecnh ch\u00ednh kh\u00f3a H\u1ecdc t\u1eadp th\u00f4ng qua tr\u1ea3i nghi\u1ec7m l\u00e0 ph\u01b0\u01a1ng ph\u00e1p t\u1ed1t nh\u1ea5t gi\u00fap h\u1ecdc sinh \u0111\u01b0\u1ee3c t\u1ef1 ch\u1ee7 trong h\u1ecdc t\u1eadp, t\u1ef1 do kh\u00e1m ph\u00e1 v\u00e0 t\u1ef1 r\u00fat ra kinh nghi\u1ec7m, tr\u01b0\u1edfng th\u00e0nh sau m\u1ed7i ho\u1ea1t \u0111\u1ed9ng. \u0110\u1ed3ng th\u1eddi h\u1ecdc sinh s\u1ebd \u0111\u01b0\u1ee3c t\u00edch l\u0169y c\u00e1c&hellip;\" \/>\n<meta property=\"og:url\" content=\"https:\/\/demo1.elightup.com\/fpt-hp\/chuong-trinh-khoi-thcs\/\" \/>\n<meta property=\"og:site_name\" content=\"Tr\u01b0\u1eddng FPT Schools H\u1ea3i Ph\u00f2ng\" \/>\n<meta property=\"article:publisher\" content=\"https:\/\/www.facebook.com\/THPTFPT\" \/>\n<meta property=\"article:modified_time\" content=\"2022-11-16T02:06:39+00:00\" \/>\n<meta property=\"og:image\" content=\"https:\/\/demo1.elightup.com\/fpt-hp\/wp-content\/uploads\/72201614_2172056959761580_1439883130239451136_n.jpeg\" \/>\n<meta name=\"twitter:card\" content=\"summary\" \/>\n<meta name=\"twitter:label1\" content=\"\u01af\u1edbc t\u00ednh th\u1eddi gian \u0111\u1ecdc\" \/>\n\t<meta name=\"twitter:data1\" content=\"4 ph\u00fat\" \/>\n<!-- \/ Yoast SEO plugin. -->","yoast_head_json":{"title":"Ch\u01b0\u01a1ng tr\u00ecnh kh\u1ed1i THCS - Tr\u01b0\u1eddng FPT Schools H\u1ea3i Ph\u00f2ng","robots":{"index":"noindex","follow":"follow","max-snippet":"max-snippet:-1","max-image-preview":"max-image-preview:large","max-video-preview":"max-video-preview:-1"},"og_locale":"vi_VN","og_type":"article","og_title":"Ch\u01b0\u01a1ng tr\u00ecnh kh\u1ed1i THCS - Tr\u01b0\u1eddng FPT Schools H\u1ea3i Ph\u00f2ng","og_description":"CH\u01af\u01a0NG TR\u00ccNH \u0110\u00c0O T\u1ea0O KH\u1ed0I THCS Ch\u01b0\u01a1ng tr\u00ecnh ch\u00ednh kh\u00f3a H\u1ecdc t\u1eadp th\u00f4ng qua tr\u1ea3i nghi\u1ec7m l\u00e0 ph\u01b0\u01a1ng ph\u00e1p t\u1ed1t nh\u1ea5t gi\u00fap h\u1ecdc sinh \u0111\u01b0\u1ee3c t\u1ef1 ch\u1ee7 trong h\u1ecdc t\u1eadp, t\u1ef1 do kh\u00e1m ph\u00e1 v\u00e0 t\u1ef1 r\u00fat ra kinh nghi\u1ec7m, tr\u01b0\u1edfng th\u00e0nh sau m\u1ed7i ho\u1ea1t \u0111\u1ed9ng. \u0110\u1ed3ng th\u1eddi h\u1ecdc sinh s\u1ebd \u0111\u01b0\u1ee3c t\u00edch l\u0169y c\u00e1c&hellip;","og_url":"https:\/\/demo1.elightup.com\/fpt-hp\/chuong-trinh-khoi-thcs\/","og_site_name":"Tr\u01b0\u1eddng FPT Schools H\u1ea3i Ph\u00f2ng","article_publisher":"https:\/\/www.facebook.com\/THPTFPT","article_modified_time":"2022-11-16T02:06:39+00:00","og_image":[{"url":"https:\/\/demo1.elightup.com\/fpt-hp\/wp-content\/uploads\/72201614_2172056959761580_1439883130239451136_n.jpeg"}],"twitter_card":"summary","twitter_misc":{"\u01af\u1edbc t\u00ednh th\u1eddi gian \u0111\u1ecdc":"4 ph\u00fat"},"schema":{"@context":"https:\/\/schema.org","@graph":[{"@type":"WebSite","@id":"https:\/\/demo1.elightup.com\/fpt-hp\/#website","url":"https:\/\/demo1.elightup.com\/fpt-hp\/","name":"Tr\u01b0\u1eddng FPT Schools H\u1ea3i Ph\u00f2ng","description":"","potentialAction":[{"@type":"SearchAction","target":{"@type":"EntryPoint","urlTemplate":"https:\/\/demo1.elightup.com\/fpt-hp\/?s={search_term_string}"},"query-input":"required name=search_term_string"}],"inLanguage":"vi"},{"@type":"ImageObject","inLanguage":"vi","@id":"https:\/\/demo1.elightup.com\/fpt-hp\/chuong-trinh-khoi-thcs\/#primaryimage","url":"https:\/\/demo1.elightup.com\/fpt-hp\/wp-content\/uploads\/72201614_2172056959761580_1439883130239451136_n.jpeg","contentUrl":"https:\/\/demo1.elightup.com\/fpt-hp\/wp-content\/uploads\/72201614_2172056959761580_1439883130239451136_n.jpeg"},{"@type":"WebPage","@id":"https:\/\/demo1.elightup.com\/fpt-hp\/chuong-trinh-khoi-thcs\/#webpage","url":"https:\/\/demo1.elightup.com\/fpt-hp\/chuong-trinh-khoi-thcs\/","name":"Ch\u01b0\u01a1ng tr\u00ecnh kh\u1ed1i THCS - Tr\u01b0\u1eddng FPT Schools H\u1ea3i Ph\u00f2ng","isPartOf":{"@id":"https:\/\/demo1.elightup.com\/fpt-hp\/#website"},"primaryImageOfPage":{"@id":"https:\/\/demo1.elightup.com\/fpt-hp\/chuong-trinh-khoi-thcs\/#primaryimage"},"datePublished":"2021-12-27T08:28:37+00:00","dateModified":"2022-11-16T02:06:39+00:00","breadcrumb":{"@id":"https:\/\/demo1.elightup.com\/fpt-hp\/chuong-trinh-khoi-thcs\/#breadcrumb"},"inLanguage":"vi","potentialAction":[{"@type":"ReadAction","target":["https:\/\/demo1.elightup.com\/fpt-hp\/chuong-trinh-khoi-thcs\/"]}]},{"@type":"BreadcrumbList","@id":"https:\/\/demo1.elightup.com\/fpt-hp\/chuong-trinh-khoi-thcs\/#breadcrumb","itemListElement":[{"@type":"ListItem","position":1,"name":"Trang ch\u1ee7","item":"https:\/\/demo1.elightup.com\/fpt-hp\/"},{"@type":"ListItem","position":2,"name":"Ch\u01b0\u01a1ng tr\u00ecnh kh\u1ed1i THCS"}]}]}},"_links":{"self":[{"href":"https:\/\/demo1.elightup.com\/fpt-hp\/wp-json\/wp\/v2\/pages\/40729"}],"collection":[{"href":"https:\/\/demo1.elightup.com\/fpt-hp\/wp-json\/wp\/v2\/pages"}],"about":[{"href":"https:\/\/demo1.elightup.com\/fpt-hp\/wp-json\/wp\/v2\/types\/page"}],"author":[{"embeddable":true,"href":"https:\/\/demo1.elightup.com\/fpt-hp\/wp-json\/wp\/v2\/users\/126"}],"replies":[{"embeddable":true,"href":"https:\/\/demo1.elightup.com\/fpt-hp\/wp-json\/wp\/v2\/comments?post=40729"}],"version-history":[{"count":8,"href":"https:\/\/demo1.elightup.com\/fpt-hp\/wp-json\/wp\/v2\/pages\/40729\/revisions"}],"predecessor-version":[{"id":42663,"href":"https:\/\/demo1.elightup.com\/fpt-hp\/wp-json\/wp\/v2\/pages\/40729\/revisions\/42663"}],"wp:attachment":[{"href":"https:\/\/demo1.elightup.com\/fpt-hp\/wp-json\/wp\/v2\/media?parent=40729"}],"curies":[{"name":"wp","href":"https:\/\/api.w.org\/{rel}","templated":true}]}}