{"id":40756,"date":"2022-01-03T15:54:12","date_gmt":"2022-01-03T08:54:12","guid":{"rendered":"https:\/\/demo1.elightup.com\/fpt-hp\/?page_id=40756"},"modified":"2022-11-16T09:01:02","modified_gmt":"2022-11-16T02:01:02","slug":"he-thong-truong-pho-thong-fpt","status":"publish","type":"page","link":"https:\/\/demo1.elightup.com\/fpt-hp\/he-thong-truong-pho-thong-fpt\/","title":{"rendered":"H\u1ec7 th\u1ed1ng tr\u01b0\u1eddng ph\u1ed5 th\u00f4ng FPT"},"content":{"rendered":"\n\n\t<strong>H\u1ec6 TH\u1ed0NG PH\u1ed4 TH\u00d4NG FPT<\/strong>\n<p>Th\u00e0nh l\u1eadp v\u00e0o n\u0103m 2013, H\u1ec7 th\u1ed1ng Ph\u1ed5 th\u00f4ng FPT (FPT Schools) tr\u1ef1c thu\u1ed9c T\u1ed5 ch\u1ee9c Gi\u00e1o d\u1ee5c FPT, l\u00e0 h\u1ec7 th\u1ed1ng gi\u00e1o d\u1ee5c ch\u1ea5t l\u01b0\u1ee3ng cao g\u1ed3m 3 c\u1ea5p Ti\u1ec3u h\u1ecdc, Trung h\u1ecdc c\u01a1 s\u1edf v\u00e0 Trung h\u1ecdc ph\u1ed5 th\u00f4ng v\u1edbi nhi\u1ec1u c\u01a1 s\u1edf t\u1ea1i c\u00e1c t\u1ec9nh th\u00e0nh tr\u00ean to\u00e0n qu\u1ed1c.<\/p>\n\n<ul>\n<li>L\u00e0m kh\u00e1c \u0111\u1ec3 l\u00e0m t\u1ed1t.<\/li>\n<li>Gi\u00e1o d\u1ee5c l\u00e0 t\u1ed5 ch\u1ee9c v\u00e0 qu\u1ea3n tr\u1ecb vi\u1ec7c &#8220;t\u1ef1 h\u1ecdc&#8221; c\u1ee7a ng\u01b0\u1eddi h\u1ecdc.<\/li>\n<li>Nh\u00e0 tr\u01b0\u1eddng t\u1ea1o l\u1eadp m\u00f4i tr\u01b0\u1eddng tr\u1ea3i nghi\u1ec7m v\u00e0 cu\u1ed9c s\u1ed1ng h\u1ecdc tr\u00f2 phong ph\u00fa, \u0111\u1ec3 m\u1ed7i ng\u00e0y \u0111\u1ebfn tr\u01b0\u1eddng c\u1ee7a h\u1ecdc sinh l\u00e0 m\u1ed9t ng\u00e0y vui.<\/li>\n<li>Nh\u00e0 tr\u01b0\u1eddng ph\u1ea3i l\u00e0 n\u01a1i v\u1eeba &#8220;d\u1ea1y&#8221;, v\u1eeba &#8220;d\u1ed7&#8221;, \u0111\u1ec3 ai c\u0169ng c\u00f3 th\u1ec3 h\u1ecdc \u0111\u01b0\u1ee3c.<\/li>\n<li>L\u1ea5y ng\u01b0\u1eddi h\u1ecdc l\u00e0m trung t\u00e2m.<\/li>\n<\/ul>\n\n<ul>\n<li>\n<strong>Am hi\u1ec3u c\u00f4ng ngh\u1ec7 v\u00e0 s\u00e1ng t\u1ea1o: <\/strong>Lu\u00f4n t\u00ecm ra c\u00e1ch l\u00e0m m\u1edbi, hay v\u00e0 hi\u1ec7u qu\u1ea3 h\u01a1n; c\u00f3 hi\u1ec3u bi\u1ebft v\u00e0 c\u1eadp nh\u1eadt v\u1ec1 c\u00e1c c\u00f4ng ngh\u1ec7 m\u1edbi.\n<\/li>\n<li>\n<strong>T\u1ef1 l\u1eadp:<\/strong> Ch\u1ee7 \u0111\u1ed9ng v\u00e0 t\u00edch c\u1ef1c trong suy ngh\u0129 v\u00e0 h\u00e0nh \u0111\u1ed9ng, t\u1eebng b\u01b0\u1edbc tr\u01b0\u1edfng th\u00e0nh d\u1ef1a v\u00e0o ch\u00ednh n\u0103ng l\u1ef1c v\u00e0 \u00fd ch\u00ed c\u1ee7a b\u1ea3n th\u00e2n.\n<\/li>\n<li>\n<strong>Nh\u00e2n v\u0103n: <\/strong>Khoan dung, nh\u00e2n \u00e1i; giao ti\u1ebfp, \u1ee9ng x\u1eed v\u0103n minh; gi\u00e0u c\u1ea3m x\u00fac v\u00e0 bi\u1ebft y\u00eau th\u01b0\u01a1ng.\n<\/li>\n<li>\n<strong>Ki\u1ebfn t\u1ea1o h\u1ea1nh ph\u00fac:<\/strong> Hi\u1ec3u v\u1ec1 h\u1ea1nh ph\u00fac v\u00e0 gi\u00e1 tr\u1ecb c\u1ee7a h\u1ea1nh ph\u00fac; bi\u1ebft t\u00ecm t\u00f2i \u0111\u1ec3 vun \u0111\u1eafp h\u1ea1nh ph\u00fac; \u0111\u1ed3ng th\u1eddi bi\u1ebft c\u00e1ch t\u1ea1o d\u1ef1ng v\u00e0 lan t\u1ecfa h\u1ea1nh ph\u00fac t\u1edbi ng\u01b0\u1eddi th\u00e2n v\u00e0 c\u1ed9ng \u0111\u1ed3ng.\n<\/li>\n<li>\n<strong>C\u00f4ng d\u00e2n to\u00e0n c\u1ea7u c\u00f3 b\u1ea3n s\u1eafc Vi\u1ec7t Nam:<\/strong> C\u00f3 kh\u1ea3 n\u0103ng t\u01b0\u01a1ng t\u00e1c, th\u00edch \u1ee9ng v\u00e0 giao ti\u1ebfp hi\u1ec7u qu\u1ea3 trong m\u00f4i tr\u01b0\u1eddng \u0111a v\u0103n h\u00f3a, \u0111\u1ed3ng th\u1eddi hi\u1ec3u bi\u1ebft, gi\u1eef g\u00ecn v\u00e0 ph\u00e1t huy nh\u1eefng gi\u00e1 tr\u1ecb t\u1ed1t \u0111\u1eb9p mang \u0111\u1eadm b\u1ea3n s\u1eafc c\u1ee7a d\u00e2n t\u1ed9c.\n<\/li>\n<\/ul>\n<p><strong>C\u00e1c con s\u1ed1 n\u1ed5i b\u1ead<\/strong>t<\/p>\n<p>H\u01a1n 30.000 ph\u1ee5 huynh v\u00e0 15.000 h\u1ecdc sinh tr\u00ean to\u00e0n qu\u1ed1c \u0111\u00e3 tin t\u01b0\u1edfng l\u1ef1a ch\u1ecdn FPT Schools l\u00e0m m\u00f4i tr\u01b0\u1eddng h\u1ecdc t\u1eadp, tr\u1ea3i nghi\u1ec7m v\u00e0 tr\u01b0\u1edfng th\u00e0nh cho nh\u1eefng m\u1ea7m non t\u01b0\u01a1ng lai c\u1ee7a \u0111\u1ea5t n\u01b0\u1edbc.<\/p>\n<ul>\n<li>24% h\u1ecdc sinh t\u1ed1t nghi\u1ec7p \u0111i du h\u1ecdc<\/li>\n<li>35% h\u1ecdc sinh t\u1ed1t nghi\u1ec7p theo h\u1ecdc \u0110\u1ea1i h\u1ecdc FPT<\/li>\n<li>40% h\u1ecdc sinh t\u1ed1t nghi\u1ec7p theo h\u1ecdc t\u1ea1i c\u00e1c tr\u01b0\u1eddng \u0111\u1ea1i h\u1ecdc kh\u00e1c c\u1ee7a Vi\u1ec7t Nam<\/li>\n<li>35 t\u1ec9nh th\u00e0nh c\u00f3 h\u1ecdc sinh h\u1ecdc t\u1eadp t\u1ea1i FSchools<\/li>\n<li>30 \u0110\u1ed1i t\u00e1c li\u00ean k\u1ebft qu\u1ed1c t\u1ebf<\/li>\n<\/ul>\n<p>&nbsp;<\/p>\n\n\n<p>\u0110\u1ecba ch\u1ec9: S\u1ed1 15 \u0110\u00f4ng Quan, P. Quan Hoa, Q. C\u1ea7u Gi\u1ea5y, TP. H\u00e0 N\u1ed9i<\/p>\n\n<p>\u0110\u1ecba ch\u1ec9: T\u00f2a nh\u00e0 Epsilon, Khu \u0111\u00f4 th\u1ecb FPT, Ph\u01b0\u1eddng Ho\u00e0 H\u1ea3i, Qu\u1eadn Ng\u0169 H\u00e0nh S\u01a1n, \u0110\u00e0 N\u1eb5ng<\/p>\n\n<p>\u0110\u1ecba ch\u1ec9: Khu\u00f4n vi\u00ean \u0110\u1ea1i h\u1ecdc FPT, Khu CNC Ho\u00e0 L\u1ea1c, Th\u1ea1ch Th\u1ea5t, H\u00e0 N\u1ed9i<\/p>\n\n<p>\u0110\u1ecba ch\u1ec9: Khu\u00f4n vi\u00ean \u0111\u1ea1i h\u1ecdc FPT \u0110\u00e0 N\u1eb5ng, T\u00f2a nh\u00e0 FPT, KCN An \u0110\u1ed3n, \u0110\u00e0 N\u1eb5ng<\/p>\n\n<p>\u0110\u1ecba ch\u1ec9: Khu\u00f4n vi\u00ean \u0110\u1ea1i h\u1ecdc FPT, \u0111\u01b0\u1eddng Nguy\u1ec5n V\u0103n C\u1eeb n\u1ed1i d\u00e0i, Ph\u01b0\u1eddng An B\u00ecnh, Qu\u1eadn Ninh Ki\u1ec1u, C\u1ea7n Th\u01a1<\/p>\n\n<p>\u0110\u1ecba ch\u1ec9: Khu\u00f4n vi\u00ean \u0110\u1ea1i h\u1ecdc FPT, Khu \u0111\u00f4 th\u1ecb m\u1edbi An Ph\u00fa Th\u1ecbnh, Ph\u01b0\u1eddng Nh\u01a1n B\u00ecnh &amp; Ph\u01b0\u1eddng \u0110\u1ed1ng \u0110a, Th\u00e0nh ph\u1ed1 Quy Nh\u01a1n, Quy Nh\u01a1n<\/p>\n\n<p>\u0110\u1ecba ch\u1ec9: Khu t\u00e1i \u0111\u1ecbnh c\u01b0 \u0110\u1eb1ng L\u00e2m 1, ph\u01b0\u1eddng Th\u00e0nh T\u00f4, qu\u1eadn H\u1ea3i An, th\u00e0nh ph\u1ed1 H\u1ea3i Ph\u00f2ng<\/p>\n\n<p>\u0110\u1ecba ch\u1ec9: L\u00f4 CC1 \u0111\u01b0\u1eddng Nguy\u1ec5n Th\u1ecb Minh Khai, P. Kinh B\u1eafc, Tp. B\u1eafc Ninh, B\u1eafc Ninh<\/p>\n\n\n","protected":false},"excerpt":{"rendered":"<p>H\u1ec6 TH\u1ed0NG PH\u1ed4 TH\u00d4NG FPT Th\u00e0nh l\u1eadp v\u00e0o n\u0103m 2013, H\u1ec7 th\u1ed1ng Ph\u1ed5 th\u00f4ng FPT (FPT Schools) tr\u1ef1c thu\u1ed9c T\u1ed5 ch\u1ee9c Gi\u00e1o d\u1ee5c FPT, l\u00e0 h\u1ec7 th\u1ed1ng gi\u00e1o d\u1ee5c ch\u1ea5t l\u01b0\u1ee3ng cao g\u1ed3m 3 c\u1ea5p Ti\u1ec3u h\u1ecdc, Trung h\u1ecdc c\u01a1 s\u1edf v\u00e0 Trung h\u1ecdc ph\u1ed5 th\u00f4ng v\u1edbi nhi\u1ec1u c\u01a1 s\u1edf t\u1ea1i c\u00e1c t\u1ec9nh th\u00e0nh tr\u00ean&hellip;<\/p>\n","protected":false},"author":118,"featured_media":40635,"parent":0,"menu_order":0,"comment_status":"closed","ping_status":"closed","template":"","meta":[],"yoast_head":"<!-- This site is optimized with the Yoast SEO plugin v19.1 - https:\/\/yoast.com\/wordpress\/plugins\/seo\/ -->\n<title>Gi\u1edbi thi\u1ec7u H\u1ec7 th\u1ed1ng tr\u01b0\u1eddng ph\u1ed5 th\u00f4ng FPT - FPT Schools<\/title>\n<meta name=\"description\" content=\"FPT Schools n\u00f3i ri\u00eang v\u00e0 to\u00e0n b\u1ed9 FPT Education mang \u0111\u1ebfn m\u1ed9t m\u00f4i tr\u01b0\u1eddng h\u1ecdc t\u1eadp ti\u00ean ti\u1ebfn, \u0111\u00e1p \u1ee9ng nhu c\u1ea7u th\u1ef1c ti\u1ec5n c\u1ee7a x\u00e3 h\u1ed9i...\" \/>\n<meta name=\"robots\" content=\"noindex, follow, max-snippet:-1, max-image-preview:large, max-video-preview:-1\" \/>\n<meta property=\"og:locale\" content=\"vi_VN\" \/>\n<meta property=\"og:type\" content=\"article\" \/>\n<meta property=\"og:title\" content=\"Gi\u1edbi thi\u1ec7u H\u1ec7 th\u1ed1ng tr\u01b0\u1eddng ph\u1ed5 th\u00f4ng FPT - FPT Schools\" \/>\n<meta property=\"og:description\" content=\"FPT Schools n\u00f3i ri\u00eang v\u00e0 to\u00e0n b\u1ed9 FPT Education mang \u0111\u1ebfn m\u1ed9t m\u00f4i tr\u01b0\u1eddng h\u1ecdc t\u1eadp ti\u00ean ti\u1ebfn, \u0111\u00e1p \u1ee9ng nhu c\u1ea7u th\u1ef1c ti\u1ec5n c\u1ee7a x\u00e3 h\u1ed9i...\" \/>\n<meta property=\"og:url\" content=\"https:\/\/demo1.elightup.com\/fpt-hp\/he-thong-truong-pho-thong-fpt\/\" \/>\n<meta property=\"og:site_name\" content=\"Tr\u01b0\u1eddng FPT Schools H\u1ea3i Ph\u00f2ng\" \/>\n<meta property=\"article:publisher\" content=\"https:\/\/www.facebook.com\/THPTFPT\" \/>\n<meta property=\"article:modified_time\" content=\"2022-11-16T02:01:02+00:00\" \/>\n<meta name=\"twitter:card\" content=\"summary\" \/>\n<meta name=\"twitter:label1\" content=\"\u01af\u1edbc t\u00ednh th\u1eddi gian \u0111\u1ecdc\" \/>\n\t<meta name=\"twitter:data1\" content=\"2 ph\u00fat\" \/>\n<!-- \/ Yoast SEO plugin. -->","yoast_head_json":{"title":"Gi\u1edbi thi\u1ec7u H\u1ec7 th\u1ed1ng tr\u01b0\u1eddng ph\u1ed5 th\u00f4ng FPT - FPT Schools","description":"FPT Schools n\u00f3i ri\u00eang v\u00e0 to\u00e0n b\u1ed9 FPT Education mang \u0111\u1ebfn m\u1ed9t m\u00f4i tr\u01b0\u1eddng h\u1ecdc t\u1eadp ti\u00ean ti\u1ebfn, \u0111\u00e1p \u1ee9ng nhu c\u1ea7u th\u1ef1c ti\u1ec5n c\u1ee7a x\u00e3 h\u1ed9i...","robots":{"index":"noindex","follow":"follow","max-snippet":"max-snippet:-1","max-image-preview":"max-image-preview:large","max-video-preview":"max-video-preview:-1"},"og_locale":"vi_VN","og_type":"article","og_title":"Gi\u1edbi thi\u1ec7u H\u1ec7 th\u1ed1ng tr\u01b0\u1eddng ph\u1ed5 th\u00f4ng FPT - FPT Schools","og_description":"FPT Schools n\u00f3i ri\u00eang v\u00e0 to\u00e0n b\u1ed9 FPT Education mang \u0111\u1ebfn m\u1ed9t m\u00f4i tr\u01b0\u1eddng h\u1ecdc t\u1eadp ti\u00ean ti\u1ebfn, \u0111\u00e1p \u1ee9ng nhu c\u1ea7u th\u1ef1c ti\u1ec5n c\u1ee7a x\u00e3 h\u1ed9i...","og_url":"https:\/\/demo1.elightup.com\/fpt-hp\/he-thong-truong-pho-thong-fpt\/","og_site_name":"Tr\u01b0\u1eddng FPT Schools H\u1ea3i Ph\u00f2ng","article_publisher":"https:\/\/www.facebook.com\/THPTFPT","article_modified_time":"2022-11-16T02:01:02+00:00","twitter_card":"summary","twitter_misc":{"\u01af\u1edbc t\u00ednh th\u1eddi gian \u0111\u1ecdc":"2 ph\u00fat"},"schema":{"@context":"https:\/\/schema.org","@graph":[{"@type":"WebSite","@id":"https:\/\/demo1.elightup.com\/fpt-hp\/#website","url":"https:\/\/demo1.elightup.com\/fpt-hp\/","name":"Tr\u01b0\u1eddng FPT Schools H\u1ea3i Ph\u00f2ng","description":"","potentialAction":[{"@type":"SearchAction","target":{"@type":"EntryPoint","urlTemplate":"https:\/\/demo1.elightup.com\/fpt-hp\/?s={search_term_string}"},"query-input":"required name=search_term_string"}],"inLanguage":"vi"},{"@type":"ImageObject","inLanguage":"vi","@id":"https:\/\/demo1.elightup.com\/fpt-hp\/he-thong-truong-pho-thong-fpt\/#primaryimage","url":"","contentUrl":""},{"@type":"WebPage","@id":"https:\/\/demo1.elightup.com\/fpt-hp\/he-thong-truong-pho-thong-fpt\/#webpage","url":"https:\/\/demo1.elightup.com\/fpt-hp\/he-thong-truong-pho-thong-fpt\/","name":"Gi\u1edbi thi\u1ec7u H\u1ec7 th\u1ed1ng tr\u01b0\u1eddng ph\u1ed5 th\u00f4ng FPT - FPT Schools","isPartOf":{"@id":"https:\/\/demo1.elightup.com\/fpt-hp\/#website"},"primaryImageOfPage":{"@id":"https:\/\/demo1.elightup.com\/fpt-hp\/he-thong-truong-pho-thong-fpt\/#primaryimage"},"datePublished":"2022-01-03T08:54:12+00:00","dateModified":"2022-11-16T02:01:02+00:00","description":"FPT Schools n\u00f3i ri\u00eang v\u00e0 to\u00e0n b\u1ed9 FPT Education mang \u0111\u1ebfn m\u1ed9t m\u00f4i tr\u01b0\u1eddng h\u1ecdc t\u1eadp ti\u00ean ti\u1ebfn, \u0111\u00e1p \u1ee9ng nhu c\u1ea7u th\u1ef1c ti\u1ec5n c\u1ee7a x\u00e3 h\u1ed9i...","breadcrumb":{"@id":"https:\/\/demo1.elightup.com\/fpt-hp\/he-thong-truong-pho-thong-fpt\/#breadcrumb"},"inLanguage":"vi","potentialAction":[{"@type":"ReadAction","target":["https:\/\/demo1.elightup.com\/fpt-hp\/he-thong-truong-pho-thong-fpt\/"]}]},{"@type":"BreadcrumbList","@id":"https:\/\/demo1.elightup.com\/fpt-hp\/he-thong-truong-pho-thong-fpt\/#breadcrumb","itemListElement":[{"@type":"ListItem","position":1,"name":"Trang ch\u1ee7","item":"https:\/\/demo1.elightup.com\/fpt-hp\/"},{"@type":"ListItem","position":2,"name":"H\u1ec7 th\u1ed1ng tr\u01b0\u1eddng ph\u1ed5 th\u00f4ng FPT"}]}]}},"_links":{"self":[{"href":"https:\/\/demo1.elightup.com\/fpt-hp\/wp-json\/wp\/v2\/pages\/40756"}],"collection":[{"href":"https:\/\/demo1.elightup.com\/fpt-hp\/wp-json\/wp\/v2\/pages"}],"about":[{"href":"https:\/\/demo1.elightup.com\/fpt-hp\/wp-json\/wp\/v2\/types\/page"}],"author":[{"embeddable":true,"href":"https:\/\/demo1.elightup.com\/fpt-hp\/wp-json\/wp\/v2\/users\/118"}],"replies":[{"embeddable":true,"href":"https:\/\/demo1.elightup.com\/fpt-hp\/wp-json\/wp\/v2\/comments?post=40756"}],"version-history":[{"count":3,"href":"https:\/\/demo1.elightup.com\/fpt-hp\/wp-json\/wp\/v2\/pages\/40756\/revisions"}],"predecessor-version":[{"id":42662,"href":"https:\/\/demo1.elightup.com\/fpt-hp\/wp-json\/wp\/v2\/pages\/40756\/revisions\/42662"}],"wp:featuredmedia":[{"embeddable":true,"href":"https:\/\/demo1.elightup.com\/fpt-hp\/wp-json\/wp\/v2\/media\/40635"}],"wp:attachment":[{"href":"https:\/\/demo1.elightup.com\/fpt-hp\/wp-json\/wp\/v2\/media?parent=40756"}],"curies":[{"name":"wp","href":"https:\/\/api.w.org\/{rel}","templated":true}]}}