{"id":40862,"date":"2022-01-07T09:37:44","date_gmt":"2022-01-07T02:37:44","guid":{"rendered":"https:\/\/demo1.elightup.com\/fpt-hp\/?page_id=40862"},"modified":"2022-01-07T16:19:05","modified_gmt":"2022-01-07T09:19:05","slug":"dang-ky-xet-tuyen-thcs","status":"publish","type":"page","link":"https:\/\/demo1.elightup.com\/fpt-hp\/dang-ky-xet-tuyen-thcs\/","title":{"rendered":"\u0110\u0103ng k\u00fd x\u00e9t tuy\u1ec3n THCS"},"content":{"rendered":"\n<h2>\n\t\t\u0110\u0103ng k\u00fd tuy\u1ec3n sinh n\u0103m 2022\n\t<\/h2>\n\t<span><span><a href=\"https:\/\/demo1.elightup.com\/fpt-hp\/\">Trang ch\u1ee7<\/a><\/span>\n<h2>\n\t\t\u0110\u0103ng k\u00fd tuy\u1ec3n sinh n\u0103m 2022\n\t<\/h2>\n\t<p>Ph\u1ee5 huynh, h\u1ecdc sinh ho\u00e0n thi\u1ec7n phi\u1ebfu x\u00e9t tuy\u1ec3n, d\u1ef1 tuy\u1ec3n \u0111\u1ec3 ho\u00e0n t\u1ea5t qu\u00e1 tr\u00ecnh \u0111\u0103ng k\u00fd v\u00e0o FPT Schools H\u1ea3i Ph\u00f2ng.<\/p>\n<p>Form n\u00e0y d\u00e0nh cho h\u1ecdc sinh chu\u1ea9n b\u1ecb v\u00e0o l\u1edbp 6, 7.<\/p>\n\t<p>[gravityform id=23 title=false description=false ajax=true]<\/p>\n\n","protected":false},"excerpt":{"rendered":"<p>\u0110\u0103ng k\u00fd tuy\u1ec3n sinh n\u0103m 2022 \u0110\u0103ng k\u00fd tuy\u1ec3n sinh n\u0103m 2022 Ph\u1ee5 huynh, h\u1ecdc sinh ho\u00e0n thi\u1ec7n phi\u1ebfu x\u00e9t tuy\u1ec3n, d\u1ef1 tuy\u1ec3n \u0111\u1ec3 ho\u00e0n t\u1ea5t qu\u00e1 tr\u00ecnh \u0111\u0103ng k\u00fd v\u00e0o FPT Schools H\u1ea3i Ph\u00f2ng. Form n\u00e0y d\u00e0nh cho h\u1ecdc sinh chu\u1ea9n b\u1ecb v\u00e0o l\u1edbp 6, 7. [gravityform id=23 title=false description=false ajax=true]<\/p>\n","protected":false},"author":121,"featured_media":36332,"parent":0,"menu_order":0,"comment_status":"closed","ping_status":"closed","template":"","meta":[],"yoast_head":"<!-- This site is optimized with the Yoast SEO plugin v19.1 - https:\/\/yoast.com\/wordpress\/plugins\/seo\/ -->\n<title>\u0110\u0103ng k\u00fd x\u00e9t tuy\u1ec3n THCS - Tr\u01b0\u1eddng FPT Schools H\u1ea3i Ph\u00f2ng<\/title>\n<meta name=\"robots\" content=\"noindex, follow, max-snippet:-1, max-image-preview:large, max-video-preview:-1\" \/>\n<meta property=\"og:locale\" content=\"vi_VN\" \/>\n<meta property=\"og:type\" content=\"article\" \/>\n<meta property=\"og:title\" content=\"\u0110\u0103ng k\u00fd x\u00e9t tuy\u1ec3n THCS - Tr\u01b0\u1eddng FPT Schools H\u1ea3i Ph\u00f2ng\" \/>\n<meta property=\"og:description\" content=\"\u0110\u0103ng k\u00fd tuy\u1ec3n sinh n\u0103m 2022 \u0110\u0103ng k\u00fd tuy\u1ec3n sinh n\u0103m 2022 Ph\u1ee5 huynh, h\u1ecdc sinh ho\u00e0n thi\u1ec7n phi\u1ebfu x\u00e9t tuy\u1ec3n, d\u1ef1 tuy\u1ec3n \u0111\u1ec3 ho\u00e0n t\u1ea5t qu\u00e1 tr\u00ecnh \u0111\u0103ng k\u00fd v\u00e0o FPT Schools H\u1ea3i Ph\u00f2ng. Form n\u00e0y d\u00e0nh cho h\u1ecdc sinh chu\u1ea9n b\u1ecb v\u00e0o l\u1edbp 6, 7. [gravityform id=23 title=false description=false ajax=true]\" \/>\n<meta property=\"og:url\" content=\"https:\/\/demo1.elightup.com\/fpt-hp\/dang-ky-xet-tuyen-thcs\/\" \/>\n<meta property=\"og:site_name\" content=\"Tr\u01b0\u1eddng FPT Schools H\u1ea3i Ph\u00f2ng\" \/>\n<meta property=\"article:publisher\" content=\"https:\/\/www.facebook.com\/THPTFPT\" \/>\n<meta property=\"article:modified_time\" content=\"2022-01-07T09:19:05+00:00\" \/>\n<meta name=\"twitter:card\" content=\"summary\" \/>\n<meta name=\"twitter:label1\" content=\"\u01af\u1edbc t\u00ednh th\u1eddi gian \u0111\u1ecdc\" \/>\n\t<meta name=\"twitter:data1\" content=\"1 ph\u00fat\" \/>\n<!-- \/ Yoast SEO plugin. -->","yoast_head_json":{"title":"\u0110\u0103ng k\u00fd x\u00e9t tuy\u1ec3n THCS - Tr\u01b0\u1eddng FPT Schools H\u1ea3i Ph\u00f2ng","robots":{"index":"noindex","follow":"follow","max-snippet":"max-snippet:-1","max-image-preview":"max-image-preview:large","max-video-preview":"max-video-preview:-1"},"og_locale":"vi_VN","og_type":"article","og_title":"\u0110\u0103ng k\u00fd x\u00e9t tuy\u1ec3n THCS - Tr\u01b0\u1eddng FPT Schools H\u1ea3i Ph\u00f2ng","og_description":"\u0110\u0103ng k\u00fd tuy\u1ec3n sinh n\u0103m 2022 \u0110\u0103ng k\u00fd tuy\u1ec3n sinh n\u0103m 2022 Ph\u1ee5 huynh, h\u1ecdc sinh ho\u00e0n thi\u1ec7n phi\u1ebfu x\u00e9t tuy\u1ec3n, d\u1ef1 tuy\u1ec3n \u0111\u1ec3 ho\u00e0n t\u1ea5t qu\u00e1 tr\u00ecnh \u0111\u0103ng k\u00fd v\u00e0o FPT Schools H\u1ea3i Ph\u00f2ng. Form n\u00e0y d\u00e0nh cho h\u1ecdc sinh chu\u1ea9n b\u1ecb v\u00e0o l\u1edbp 6, 7. [gravityform id=23 title=false description=false ajax=true]","og_url":"https:\/\/demo1.elightup.com\/fpt-hp\/dang-ky-xet-tuyen-thcs\/","og_site_name":"Tr\u01b0\u1eddng FPT Schools H\u1ea3i Ph\u00f2ng","article_publisher":"https:\/\/www.facebook.com\/THPTFPT","article_modified_time":"2022-01-07T09:19:05+00:00","twitter_card":"summary","twitter_misc":{"\u01af\u1edbc t\u00ednh th\u1eddi gian \u0111\u1ecdc":"1 ph\u00fat"},"schema":{"@context":"https:\/\/schema.org","@graph":[{"@type":"WebSite","@id":"https:\/\/demo1.elightup.com\/fpt-hp\/#website","url":"https:\/\/demo1.elightup.com\/fpt-hp\/","name":"Tr\u01b0\u1eddng FPT Schools H\u1ea3i Ph\u00f2ng","description":"","potentialAction":[{"@type":"SearchAction","target":{"@type":"EntryPoint","urlTemplate":"https:\/\/demo1.elightup.com\/fpt-hp\/?s={search_term_string}"},"query-input":"required name=search_term_string"}],"inLanguage":"vi"},{"@type":"ImageObject","inLanguage":"vi","@id":"https:\/\/demo1.elightup.com\/fpt-hp\/dang-ky-xet-tuyen-thcs\/#primaryimage","url":"","contentUrl":""},{"@type":"WebPage","@id":"https:\/\/demo1.elightup.com\/fpt-hp\/dang-ky-xet-tuyen-thcs\/#webpage","url":"https:\/\/demo1.elightup.com\/fpt-hp\/dang-ky-xet-tuyen-thcs\/","name":"\u0110\u0103ng k\u00fd x\u00e9t tuy\u1ec3n THCS - Tr\u01b0\u1eddng FPT Schools H\u1ea3i Ph\u00f2ng","isPartOf":{"@id":"https:\/\/demo1.elightup.com\/fpt-hp\/#website"},"primaryImageOfPage":{"@id":"https:\/\/demo1.elightup.com\/fpt-hp\/dang-ky-xet-tuyen-thcs\/#primaryimage"},"datePublished":"2022-01-07T02:37:44+00:00","dateModified":"2022-01-07T09:19:05+00:00","breadcrumb":{"@id":"https:\/\/demo1.elightup.com\/fpt-hp\/dang-ky-xet-tuyen-thcs\/#breadcrumb"},"inLanguage":"vi","potentialAction":[{"@type":"ReadAction","target":["https:\/\/demo1.elightup.com\/fpt-hp\/dang-ky-xet-tuyen-thcs\/"]}]},{"@type":"BreadcrumbList","@id":"https:\/\/demo1.elightup.com\/fpt-hp\/dang-ky-xet-tuyen-thcs\/#breadcrumb","itemListElement":[{"@type":"ListItem","position":1,"name":"Trang ch\u1ee7","item":"https:\/\/demo1.elightup.com\/fpt-hp\/"},{"@type":"ListItem","position":2,"name":"\u0110\u0103ng k\u00fd x\u00e9t tuy\u1ec3n THCS"}]}]}},"_links":{"self":[{"href":"https:\/\/demo1.elightup.com\/fpt-hp\/wp-json\/wp\/v2\/pages\/40862"}],"collection":[{"href":"https:\/\/demo1.elightup.com\/fpt-hp\/wp-json\/wp\/v2\/pages"}],"about":[{"href":"https:\/\/demo1.elightup.com\/fpt-hp\/wp-json\/wp\/v2\/types\/page"}],"author":[{"embeddable":true,"href":"https:\/\/demo1.elightup.com\/fpt-hp\/wp-json\/wp\/v2\/users\/121"}],"replies":[{"embeddable":true,"href":"https:\/\/demo1.elightup.com\/fpt-hp\/wp-json\/wp\/v2\/comments?post=40862"}],"version-history":[{"count":4,"href":"https:\/\/demo1.elightup.com\/fpt-hp\/wp-json\/wp\/v2\/pages\/40862\/revisions"}],"predecessor-version":[{"id":40869,"href":"https:\/\/demo1.elightup.com\/fpt-hp\/wp-json\/wp\/v2\/pages\/40862\/revisions\/40869"}],"wp:featuredmedia":[{"embeddable":true,"href":"https:\/\/demo1.elightup.com\/fpt-hp\/wp-json\/wp\/v2\/media\/36332"}],"wp:attachment":[{"href":"https:\/\/demo1.elightup.com\/fpt-hp\/wp-json\/wp\/v2\/media?parent=40862"}],"curies":[{"name":"wp","href":"https:\/\/api.w.org\/{rel}","templated":true}]}}