{"id":41292,"date":"2022-04-13T11:56:44","date_gmt":"2022-04-13T04:56:44","guid":{"rendered":"https:\/\/demo1.elightup.com\/fpt-hp\/?page_id=41292"},"modified":"2022-04-13T14:29:30","modified_gmt":"2022-04-13T07:29:30","slug":"dich-vu-xe-tuyen","status":"publish","type":"page","link":"https:\/\/demo1.elightup.com\/fpt-hp\/dich-vu-xe-tuyen\/","title":{"rendered":"D\u1ecbch v\u1ee5 xe tuy\u1ebfn"},"content":{"rendered":"\n\n\t\n\n<p>Nh\u1eb1m g\u1ee1 b\u1ecf lo l\u1eafng c\u1ee7a ba m\u1eb9 khi cho con h\u1ecdc tr\u01b0\u1eddng xa nh\u00e0 v\u00e0 s\u1ef1 an to\u00e0n trong vi\u1ec7c di chuy\u1ec3n, Tr\u01b0\u1eddng THCS v\u00e0 THPT FPT H\u1ea3i Ph\u00f2ng s\u1ebd \u0111\u01b0a h\u1ec7 th\u1ed1ng xe tuy\u1ebfn v\u00e0o v\u1eadn h\u00e0nh trong n\u0103m h\u1ecdc 2022 &#8211; 2023.<\/p>\n<p>\u0110\u1eb7c bi\u1ec7t, khi \u0111\u0103ng k\u00fd s\u1eed d\u1ee5ng xe tuy\u1ebfn ba m\u1eb9 c\u00e0ng an t\u00e2m h\u01a1n khi c\u00f3 \u1ee9ng d\u1ee5ng th\u00f4ng minh iSchool bus. V\u1edbi \u1ee9ng d\u1ee5ng n\u00e0y, ba m\u1eb9 c\u00f3 th\u1ec3 c\u1eadp nh\u1eadt l\u1ecbch tr\u00ecnh, th\u1eddi gian di chuy\u1ec3n c\u1ee7a con trong su\u1ed1t qu\u00e1 tr\u00ecnh \u0111i \u0111\u1ebfn tr\u01b0\u1eddng v\u00e0 t\u1eeb tr\u01b0\u1eddng v\u1ec1 nh\u00e0.<\/p>\n<p>Ngo\u00e0i vi\u1ec7c \u0111\u01b0a \u0111\u00f3n h\u1ecdc sinh \u0111i, v\u1ec1 an to\u00e0n \u0111\u00fang, \u0111\u00fang gi\u1edd xe tuy\u1ebfn c\u0169ng l\u00e0 m\u1ed9t h\u00ecnh th\u1ee9c gi\u00fap h\u1ecdc sinh r\u00e8n luy\u1ec7n tinh th\u1ea7n tr\u00e1ch nhi\u1ec7m, \u0111\u00fang gi\u1edd, bi\u1ebft t\u00f4n tr\u1ecdng v\u00e0 chia s\u1ebb v\u1edbi nh\u1eefng ng\u01b0\u1eddi b\u1ea1n tr\u00ean c\u00f9ng tuy\u1ebfn xe.<\/p>\n<p>Th\u00f4ng tin c\u00e1c tuy\u1ebfn s\u1ebd \u0111\u01b0\u1ee3c c\u1eadp nh\u1eadt v\u00e0o \u0111\u1ea7u n\u0103m h\u1ecdc 2022 &#8211; 2023.<\/p>\n\n","protected":false},"excerpt":{"rendered":"<p>Nh\u1eb1m g\u1ee1 b\u1ecf lo l\u1eafng c\u1ee7a ba m\u1eb9 khi cho con h\u1ecdc tr\u01b0\u1eddng xa nh\u00e0 v\u00e0 s\u1ef1 an to\u00e0n trong vi\u1ec7c di chuy\u1ec3n, Tr\u01b0\u1eddng THCS v\u00e0 THPT FPT H\u1ea3i Ph\u00f2ng s\u1ebd \u0111\u01b0a h\u1ec7 th\u1ed1ng xe tuy\u1ebfn v\u00e0o v\u1eadn h\u00e0nh trong n\u0103m h\u1ecdc 2022 &#8211; 2023. \u0110\u1eb7c bi\u1ec7t, khi \u0111\u0103ng k\u00fd s\u1eed d\u1ee5ng xe tuy\u1ebfn ba&hellip;<\/p>\n","protected":false},"author":126,"featured_media":0,"parent":0,"menu_order":0,"comment_status":"closed","ping_status":"closed","template":"","meta":[],"yoast_head":"<!-- This site is optimized with the Yoast SEO plugin v19.1 - https:\/\/yoast.com\/wordpress\/plugins\/seo\/ -->\n<title>D\u1ecbch v\u1ee5 xe tuy\u1ebfn - Tr\u01b0\u1eddng FPT Schools H\u1ea3i Ph\u00f2ng<\/title>\n<meta name=\"robots\" content=\"noindex, follow, max-snippet:-1, max-image-preview:large, max-video-preview:-1\" \/>\n<meta property=\"og:locale\" content=\"vi_VN\" \/>\n<meta property=\"og:type\" content=\"article\" \/>\n<meta property=\"og:title\" content=\"D\u1ecbch v\u1ee5 xe tuy\u1ebfn - Tr\u01b0\u1eddng FPT Schools H\u1ea3i Ph\u00f2ng\" \/>\n<meta property=\"og:description\" content=\"Nh\u1eb1m g\u1ee1 b\u1ecf lo l\u1eafng c\u1ee7a ba m\u1eb9 khi cho con h\u1ecdc tr\u01b0\u1eddng xa nh\u00e0 v\u00e0 s\u1ef1 an to\u00e0n trong vi\u1ec7c di chuy\u1ec3n, Tr\u01b0\u1eddng THCS v\u00e0 THPT FPT H\u1ea3i Ph\u00f2ng s\u1ebd \u0111\u01b0a h\u1ec7 th\u1ed1ng xe tuy\u1ebfn v\u00e0o v\u1eadn h\u00e0nh trong n\u0103m h\u1ecdc 2022 &#8211; 2023. \u0110\u1eb7c bi\u1ec7t, khi \u0111\u0103ng k\u00fd s\u1eed d\u1ee5ng xe tuy\u1ebfn ba&hellip;\" \/>\n<meta property=\"og:url\" content=\"https:\/\/demo1.elightup.com\/fpt-hp\/dich-vu-xe-tuyen\/\" \/>\n<meta property=\"og:site_name\" content=\"Tr\u01b0\u1eddng FPT Schools H\u1ea3i Ph\u00f2ng\" \/>\n<meta property=\"article:publisher\" content=\"https:\/\/www.facebook.com\/THPTFPT\" \/>\n<meta property=\"article:modified_time\" content=\"2022-04-13T07:29:30+00:00\" \/>\n<meta name=\"twitter:card\" content=\"summary\" \/>\n<!-- \/ Yoast SEO plugin. -->","yoast_head_json":{"title":"D\u1ecbch v\u1ee5 xe tuy\u1ebfn - Tr\u01b0\u1eddng FPT Schools H\u1ea3i Ph\u00f2ng","robots":{"index":"noindex","follow":"follow","max-snippet":"max-snippet:-1","max-image-preview":"max-image-preview:large","max-video-preview":"max-video-preview:-1"},"og_locale":"vi_VN","og_type":"article","og_title":"D\u1ecbch v\u1ee5 xe tuy\u1ebfn - Tr\u01b0\u1eddng FPT Schools H\u1ea3i Ph\u00f2ng","og_description":"Nh\u1eb1m g\u1ee1 b\u1ecf lo l\u1eafng c\u1ee7a ba m\u1eb9 khi cho con h\u1ecdc tr\u01b0\u1eddng xa nh\u00e0 v\u00e0 s\u1ef1 an to\u00e0n trong vi\u1ec7c di chuy\u1ec3n, Tr\u01b0\u1eddng THCS v\u00e0 THPT FPT H\u1ea3i Ph\u00f2ng s\u1ebd \u0111\u01b0a h\u1ec7 th\u1ed1ng xe tuy\u1ebfn v\u00e0o v\u1eadn h\u00e0nh trong n\u0103m h\u1ecdc 2022 &#8211; 2023. \u0110\u1eb7c bi\u1ec7t, khi \u0111\u0103ng k\u00fd s\u1eed d\u1ee5ng xe tuy\u1ebfn ba&hellip;","og_url":"https:\/\/demo1.elightup.com\/fpt-hp\/dich-vu-xe-tuyen\/","og_site_name":"Tr\u01b0\u1eddng FPT Schools H\u1ea3i Ph\u00f2ng","article_publisher":"https:\/\/www.facebook.com\/THPTFPT","article_modified_time":"2022-04-13T07:29:30+00:00","twitter_card":"summary","schema":{"@context":"https:\/\/schema.org","@graph":[{"@type":"WebSite","@id":"https:\/\/demo1.elightup.com\/fpt-hp\/#website","url":"https:\/\/demo1.elightup.com\/fpt-hp\/","name":"Tr\u01b0\u1eddng FPT Schools H\u1ea3i Ph\u00f2ng","description":"","potentialAction":[{"@type":"SearchAction","target":{"@type":"EntryPoint","urlTemplate":"https:\/\/demo1.elightup.com\/fpt-hp\/?s={search_term_string}"},"query-input":"required name=search_term_string"}],"inLanguage":"vi"},{"@type":"WebPage","@id":"https:\/\/demo1.elightup.com\/fpt-hp\/dich-vu-xe-tuyen\/#webpage","url":"https:\/\/demo1.elightup.com\/fpt-hp\/dich-vu-xe-tuyen\/","name":"D\u1ecbch v\u1ee5 xe tuy\u1ebfn - Tr\u01b0\u1eddng FPT Schools H\u1ea3i Ph\u00f2ng","isPartOf":{"@id":"https:\/\/demo1.elightup.com\/fpt-hp\/#website"},"datePublished":"2022-04-13T04:56:44+00:00","dateModified":"2022-04-13T07:29:30+00:00","breadcrumb":{"@id":"https:\/\/demo1.elightup.com\/fpt-hp\/dich-vu-xe-tuyen\/#breadcrumb"},"inLanguage":"vi","potentialAction":[{"@type":"ReadAction","target":["https:\/\/demo1.elightup.com\/fpt-hp\/dich-vu-xe-tuyen\/"]}]},{"@type":"BreadcrumbList","@id":"https:\/\/demo1.elightup.com\/fpt-hp\/dich-vu-xe-tuyen\/#breadcrumb","itemListElement":[{"@type":"ListItem","position":1,"name":"Trang ch\u1ee7","item":"https:\/\/demo1.elightup.com\/fpt-hp\/"},{"@type":"ListItem","position":2,"name":"D\u1ecbch v\u1ee5 xe tuy\u1ebfn"}]}]}},"_links":{"self":[{"href":"https:\/\/demo1.elightup.com\/fpt-hp\/wp-json\/wp\/v2\/pages\/41292"}],"collection":[{"href":"https:\/\/demo1.elightup.com\/fpt-hp\/wp-json\/wp\/v2\/pages"}],"about":[{"href":"https:\/\/demo1.elightup.com\/fpt-hp\/wp-json\/wp\/v2\/types\/page"}],"author":[{"embeddable":true,"href":"https:\/\/demo1.elightup.com\/fpt-hp\/wp-json\/wp\/v2\/users\/126"}],"replies":[{"embeddable":true,"href":"https:\/\/demo1.elightup.com\/fpt-hp\/wp-json\/wp\/v2\/comments?post=41292"}],"version-history":[{"count":2,"href":"https:\/\/demo1.elightup.com\/fpt-hp\/wp-json\/wp\/v2\/pages\/41292\/revisions"}],"predecessor-version":[{"id":41301,"href":"https:\/\/demo1.elightup.com\/fpt-hp\/wp-json\/wp\/v2\/pages\/41292\/revisions\/41301"}],"wp:attachment":[{"href":"https:\/\/demo1.elightup.com\/fpt-hp\/wp-json\/wp\/v2\/media?parent=41292"}],"curies":[{"name":"wp","href":"https:\/\/api.w.org\/{rel}","templated":true}]}}